{"id":4836,"date":"2023-01-27T15:47:14","date_gmt":"2023-01-27T15:47:14","guid":{"rendered":"https:\/\/ctmediks.com\/product\/kusadasi-cikisli-tam-gun-klasik-efes-turu\/"},"modified":"2023-01-27T18:34:22","modified_gmt":"2023-01-27T18:34:22","slug":"efes-tam-gun-klasik-tur-kusadasindan","status":"publish","type":"product","link":"https:\/\/ctmediks.com\/tr\/urun\/efes-tam-gun-klasik-tur-kusadasindan\/","title":{"rendered":"Ku\u015fadas\u0131 \u00c7\u0131k\u0131\u015fl\u0131 Tam G\u00fcn Klasik Efes Turu"},"content":{"rendered":"<section id=\"bt_bb_section69dc4c943609b\" class=\"bt_bb_section bt_bb_layout_boxed_1200\"  data-bt-override-class=\"null\"><div class=\"bt_bb_port\"><div class=\"bt_bb_cell\"><div class=\"bt_bb_cell_inner\"><div class=\"bt_bb_row_wrapper\"><div  class=\"bt_bb_row\"  data-bt-override-class=\"{}\"><div  class=\"bt_bb_column col-xl-12 col-xs-12 col-sm-12 col-md-12 col-lg-12 bt_bb_align_left bt_bb_vertical_align_top bt_bb_padding_normal\"  data-width=\"12\" data-bt-override-class=\"{}\"><div class=\"bt_bb_column_content\"><header class=\"bt_bb_headline bt_bb_subheadline_text_transform_default bt_bb_color_scheme_5 bt_bb_dash_none bt_bb_subheadline bt_bb_size_inherit bt_bb_align_inherit bt_bb_dash_type_none\" style=\"; --primary-color:#191919; --secondary-color:#f0c328;\" data-bt-override-class=\"{&quot;bt_bb_size_&quot;:{&quot;current_class&quot;:&quot;bt_bb_size_inherit&quot;,&quot;xxl&quot;:&quot;inherit&quot;,&quot;xl&quot;:&quot;inherit&quot;},&quot;bt_bb_align_&quot;:{&quot;current_class&quot;:&quot;bt_bb_align_inherit&quot;,&quot;xxl&quot;:&quot;inherit&quot;,&quot;xl&quot;:&quot;inherit&quot;}}\"><h2 class=\"bt_bb_headline_tag\"><span class=\"bt_bb_headline_content\"><span>Ku\u015fadas\u0131 \u00c7\u0131k\u0131\u015fl\u0131 Tam G\u00fcn Klasik Efes Turu<\/span><\/span><\/h2><div class=\"bt_bb_headline_subheadline\">Sabah tur rehberimiz sizinle Ku\u015fadas\u0131 liman\u0131nda veya otelde bulu\u015facakt\u0131r. Ve Efes'e gidiyoruz. Efes, M\u00d6 1. y\u00fczy\u0131lda 250.000'i a\u015fk\u0131n n\u00fcfusuyla Roma \u0130mparatorlu\u011fu'nun ikinci b\u00fcy\u00fck kentiydi. Roma'n\u0131n ard\u0131ndan d\u00fcnyan\u0131n en b\u00fcy\u00fck ikinci \u015fehriydi. Efes ayn\u0131 zamanda bir liman kentiydi. Ve bu dev \u015fehir sadece mermerle in\u015fa edildi. Efes'in 25.000 ki\u015filik kapasitesiyle antik d\u00fcnyan\u0131n en b\u00fcy\u00fck amfi tiyatrosuna sahip oldu\u011funu biliyor muydunuz? Ayr\u0131ca Tanr\u0131\u00e7a Nike, Yerel Eczane, Hadrian Kap\u0131s\u0131, Celsus K\u00fct\u00fcphanesi (\u00fc\u00e7\u00fcnc\u00fc b\u00fcy\u00fck k\u00fct\u00fcphane), Mermer Cadde ve Liman Caddesi'ni de g\u00f6r\u00fcn.<br \/>\n<br \/>\nDiana Tap\u0131na\u011f\u0131 olarak da bilinen Artemis Tap\u0131na\u011f\u0131 veya Artemision, tanr\u0131\u00e7a Artemis'e adanm\u0131\u015f bir Yunan Tap\u0131na\u011f\u0131yd\u0131. Efes'te bulunuyordu ve d\u00fcnyan\u0131n yedi harikas\u0131ndan biriydi.<br \/>\n<br \/>\nMeryem Ana Evi, bir\u00e7ok ki\u015finin inanc\u0131na g\u00f6re \u0130sa'n\u0131n annesi Meryem'in hayat\u0131n\u0131n son y\u0131llar\u0131n\u0131 ge\u00e7irdi\u011fi bir yerdir. Aziz Yuhanna ile birlikte Efes'e geldi\u011fi ve MS 37-45 y\u0131llar\u0131 aras\u0131nda G\u00f6\u011fe Al\u0131n\u0131\u015f ya da Dormition'a kadar orada ya\u015fad\u0131\u011f\u0131 varsay\u0131lmaktad\u0131r.<br \/>\n<br \/>\n1374-1375 y\u0131llar\u0131 aras\u0131nda in\u015fa edilen \u0130sabey Camii, Anadolu Beyliklerinden kalan en eski ve en etkileyici mimari eserlerden biridir. Cami, Sel\u00e7uk - Efes'teki Ayasuluk Tepeleri'nin eteklerinde yer almaktad\u0131r.<br \/>\n<br \/>\nTur bitiminde Ku\u015fadas\u0131 liman\u0131na veya otelinize geri d\u00f6nersiniz.<\/div><\/header><div class=\"bt_bb_separator bt_bb_border_style_none bt_bb_top_spacing_normal bt_bb_bottom_spacing_none\" data-bt-override-class=\"{&quot;bt_bb_top_spacing_&quot;:{&quot;current_class&quot;:&quot;bt_bb_top_spacing_normal&quot;,&quot;xxl&quot;:&quot;normal&quot;,&quot;xl&quot;:&quot;normal&quot;},&quot;bt_bb_bottom_spacing_&quot;:{&quot;current_class&quot;:&quot;bt_bb_bottom_spacing_none&quot;,&quot;xxl&quot;:&quot;none&quot;,&quot;xl&quot;:&quot;none&quot;}}\"><\/div><div class=\"bt_bb_accordion bt_bb_style_outline bt_bb_shape_square\"><div class=\"bt_bb_accordion_item\"><div class=\"bt_bb_accordion_item_title\">DAH\u0130L<\/div><div class=\"bt_bb_accordion_item_content\"><div  class=\"bt_bb_text\" >\n<ul class=\"m-l-22\">\n<li class=\"icontick\"><span id=\"ContentPlaceHolder1_DataList1_dlturincluded_0\">Giri\u015f \u00dccretleri<\/span><\/li>\n<\/ul>\n<ul class=\"m-l-22\">\n<li class=\"icontick\"><span id=\"ContentPlaceHolder1_DataList1_dlturincluded_1\">Profesyonel Lisansl\u0131 Tur Rehberi<\/span><\/li>\n<\/ul>\n<ul class=\"m-l-22\">\n<li class=\"icontick\"><span id=\"ContentPlaceHolder1_DataList1_dlturincluded_2\">\u00d6\u011fle Yeme\u011fi (Tam G\u00fcnl\u00fck Turlar)<\/span><\/li>\n<\/ul>\n<ul class=\"m-l-22\">\n<li class=\"icontick\"><span id=\"ContentPlaceHolder1_DataList1_dlturincluded_3\">Teslim Alma ve B\u0131rakma<\/span><\/li>\n<\/ul>\n<ul class=\"m-l-22\">\n<li class=\"icontick\"><span id=\"ContentPlaceHolder1_DataList1_dlturincluded_4\">T\u00fcm Yerel Vergiler<\/span><\/li>\n<\/ul>\n<\/div>\n<\/div><\/div><div class=\"bt_bb_accordion_item\"><div class=\"bt_bb_accordion_item_title\">HAR\u0130\u00c7 TUTULANLAR<\/div><div class=\"bt_bb_accordion_item_content\"><div  class=\"bt_bb_text\" >\n<ul class=\"m-l-22\">\n<li class=\"iconx\"><span id=\"ContentPlaceHolder1_DataList2_dlturexcluded_0\">\u0130\u00e7ecekler<\/span><\/li>\n<\/ul>\n<ul class=\"m-l-22\">\n<li class=\"iconx\"><span id=\"ContentPlaceHolder1_DataList2_dlturexcluded_1\">Ki\u015fisel Giderler<\/span><\/li>\n<\/ul>\n<ul class=\"m-l-22\">\n<li class=\"iconx\"><span id=\"ContentPlaceHolder1_DataList2_dlturexcluded_2\">S\u00fcr\u00fcc\u00fc ve Rehber \u0130pu\u00e7lar\u0131 &#8211; Minnettarl\u0131k<\/span><\/li>\n<\/ul>\n<\/div>\n<\/div><\/div><\/div><div class=\"bt_bb_column_highlight\"><\/div><\/div><\/div><\/div><\/div><div class=\"bt_bb_row_wrapper\"><div  class=\"bt_bb_row\"  data-bt-override-class=\"{}\"><div  class=\"bt_bb_column col-xl-12 col-xs-12 col-sm-12 col-md-12 col-lg-12 bt_bb_align_left bt_bb_vertical_align_top bt_bb_padding_normal\"  data-width=\"12\" data-bt-override-class=\"{}\"><div class=\"bt_bb_column_content\"><div class=\"bt_bb_separator bt_bb_border_style_none bt_bb_top_spacing_normal bt_bb_bottom_spacing_none\" data-bt-override-class=\"{&quot;bt_bb_top_spacing_&quot;:{&quot;current_class&quot;:&quot;bt_bb_top_spacing_normal&quot;,&quot;xxl&quot;:&quot;normal&quot;,&quot;xl&quot;:&quot;normal&quot;},&quot;bt_bb_bottom_spacing_&quot;:{&quot;current_class&quot;:&quot;bt_bb_bottom_spacing_none&quot;,&quot;xxl&quot;:&quot;none&quot;,&quot;xl&quot;:&quot;none&quot;}}\"><\/div><div class=\"bt_bb_masonry_image_grid bt_bb_grid_container bt_bb_columns_4 bt_bb_gap_normal\" data-columns=\"4\"><div class=\"bt_bb_masonry_post_image_content\" data-columns=\"4\"><div class=\"bt_bb_grid_sizer\"><\/div><div class=\"bt_bb_grid_item bt_bb_tile_format11\" data-hw=\"0.6640625\" data-src=\"https:\/\/ctmediks.com\/wp-content\/uploads\/2023\/01\/isabeymosque-640x425.jpg\" data-src-full=\"https:\/\/ctmediks.com\/wp-content\/uploads\/2023\/01\/isabeymosque.jpg\" data-title=\"isabeymosque\"><div class=\"bt_bb_grid_item_inner\" data-hw=\"0.6640625\" ><div class=\"bt_bb_grid_item_inner_image\"><\/div><div class=\"bt_bb_grid_item_inner_content\"><\/div><\/div><\/div><div class=\"bt_bb_grid_item bt_bb_tile_format11\" data-hw=\"0.665625\" data-src=\"https:\/\/ctmediks.com\/wp-content\/uploads\/2023\/01\/houseofvirginmary-1-640x426.jpg\" data-src-full=\"https:\/\/ctmediks.com\/wp-content\/uploads\/2023\/01\/houseofvirginmary-1.jpg\" data-title=\"houseofvirginmary 1\"><div class=\"bt_bb_grid_item_inner\" data-hw=\"0.665625\" ><div class=\"bt_bb_grid_item_inner_image\"><\/div><div class=\"bt_bb_grid_item_inner_content\"><\/div><\/div><\/div><div class=\"bt_bb_grid_item bt_bb_tile_format11\" data-hw=\"0.665625\" data-src=\"https:\/\/ctmediks.com\/wp-content\/uploads\/2023\/01\/houseofvirginmary-640x426.jpg\" data-src-full=\"https:\/\/ctmediks.com\/wp-content\/uploads\/2023\/01\/houseofvirginmary.jpg\" data-title=\"houseofvirginmary\"><div class=\"bt_bb_grid_item_inner\" data-hw=\"0.665625\" ><div class=\"bt_bb_grid_item_inner_image\"><\/div><div class=\"bt_bb_grid_item_inner_content\"><\/div><\/div><\/div><div class=\"bt_bb_grid_item bt_bb_tile_format11\" data-hw=\"0.665625\" data-src=\"https:\/\/ctmediks.com\/wp-content\/uploads\/2023\/01\/templeofartemis-640x426.jpg\" data-src-full=\"https:\/\/ctmediks.com\/wp-content\/uploads\/2023\/01\/templeofartemis.jpg\" data-title=\"templeofartemis\"><div class=\"bt_bb_grid_item_inner\" data-hw=\"0.665625\" ><div class=\"bt_bb_grid_item_inner_image\"><\/div><div class=\"bt_bb_grid_item_inner_content\"><\/div><\/div><\/div><div class=\"bt_bb_grid_item bt_bb_tile_format11\" data-hw=\"0.6640625\" data-src=\"https:\/\/ctmediks.com\/wp-content\/uploads\/2023\/01\/marblestreet-640x425.jpg\" data-src-full=\"https:\/\/ctmediks.com\/wp-content\/uploads\/2023\/01\/marblestreet.jpg\" data-title=\"marblestreet\"><div class=\"bt_bb_grid_item_inner\" data-hw=\"0.6640625\" ><div class=\"bt_bb_grid_item_inner_image\"><\/div><div class=\"bt_bb_grid_item_inner_content\"><\/div><\/div><\/div><div class=\"bt_bb_grid_item bt_bb_tile_format11\" data-hw=\"0.665625\" data-src=\"https:\/\/ctmediks.com\/wp-content\/uploads\/2023\/01\/catsinephesus-640x426.jpg\" data-src-full=\"https:\/\/ctmediks.com\/wp-content\/uploads\/2023\/01\/catsinephesus.jpg\" data-title=\"catsinephesus\"><div class=\"bt_bb_grid_item_inner\" data-hw=\"0.665625\" ><div class=\"bt_bb_grid_item_inner_image\"><\/div><div class=\"bt_bb_grid_item_inner_content\"><\/div><\/div><\/div><div class=\"bt_bb_grid_item bt_bb_tile_format11\" data-hw=\"0.665625\" data-src=\"https:\/\/ctmediks.com\/wp-content\/uploads\/2023\/01\/1943_hadriangate-640x426.jpg\" data-src-full=\"https:\/\/ctmediks.com\/wp-content\/uploads\/2023\/01\/1943_hadriangate.jpg\" data-title=\"1943_hadriangate\"><div class=\"bt_bb_grid_item_inner\" data-hw=\"0.665625\" ><div class=\"bt_bb_grid_item_inner_image\"><\/div><div class=\"bt_bb_grid_item_inner_content\"><\/div><\/div><\/div><div class=\"bt_bb_grid_item bt_bb_tile_format11\" data-hw=\"0.75\" data-src=\"https:\/\/ctmediks.com\/wp-content\/uploads\/2023\/01\/ephesuscelsuslibrary-640x480.jpg\" data-src-full=\"https:\/\/ctmediks.com\/wp-content\/uploads\/2023\/01\/ephesuscelsuslibrary.jpg\" data-title=\"ephesuscelsuslibrary\"><div class=\"bt_bb_grid_item_inner\" data-hw=\"0.75\" ><div class=\"bt_bb_grid_item_inner_image\"><\/div><div class=\"bt_bb_grid_item_inner_content\"><\/div><\/div><\/div><\/div><\/div><div class=\"bt_bb_separator bt_bb_border_style_none bt_bb_top_spacing_normal bt_bb_bottom_spacing_none\" data-bt-override-class=\"{&quot;bt_bb_top_spacing_&quot;:{&quot;current_class&quot;:&quot;bt_bb_top_spacing_normal&quot;,&quot;xxl&quot;:&quot;normal&quot;,&quot;xl&quot;:&quot;normal&quot;},&quot;bt_bb_bottom_spacing_&quot;:{&quot;current_class&quot;:&quot;bt_bb_bottom_spacing_none&quot;,&quot;xxl&quot;:&quot;none&quot;,&quot;xl&quot;:&quot;none&quot;}}\"><\/div><div class=\"bt_bb_column_highlight\"><\/div><\/div><\/div><\/div><\/div><\/div><!-- cell_inner --><\/div><!-- cell --><\/div><!-- port --><\/section>","protected":false},"excerpt":{"rendered":"","protected":false},"featured_media":4899,"comment_status":"closed","ping_status":"closed","template":"","meta":[],"product_cat":[215],"product_tag":[],"_links":{"self":[{"href":"https:\/\/ctmediks.com\/tr\/wp-json\/wp\/v2\/product\/4836"}],"collection":[{"href":"https:\/\/ctmediks.com\/tr\/wp-json\/wp\/v2\/product"}],"about":[{"href":"https:\/\/ctmediks.com\/tr\/wp-json\/wp\/v2\/types\/product"}],"replies":[{"embeddable":true,"href":"https:\/\/ctmediks.com\/tr\/wp-json\/wp\/v2\/comments?post=4836"}],"wp:featuredmedia":[{"embeddable":true,"href":"https:\/\/ctmediks.com\/tr\/wp-json\/wp\/v2\/media\/4899"}],"wp:attachment":[{"href":"https:\/\/ctmediks.com\/tr\/wp-json\/wp\/v2\/media?parent=4836"}],"wp:term":[{"taxonomy":"product_cat","embeddable":true,"href":"https:\/\/ctmediks.com\/tr\/wp-json\/wp\/v2\/product_cat?post=4836"},{"taxonomy":"product_tag","embeddable":true,"href":"https:\/\/ctmediks.com\/tr\/wp-json\/wp\/v2\/product_tag?post=4836"}],"curies":[{"name":"wp","href":"https:\/\/api.w.org\/{rel}","templated":true}]}}