{"id":3109,"date":"2019-12-30T11:37:04","date_gmt":"2019-12-30T11:37:04","guid":{"rendered":"https:\/\/ctmediks.com\/hizmetler\/randevu-alin\/"},"modified":"2023-01-24T15:46:13","modified_gmt":"2023-01-24T15:46:13","slug":"randevu-alin","status":"publish","type":"page","link":"https:\/\/ctmediks.com\/tr\/randevu-alin\/","title":{"rendered":"Randevu Al\u0131n"},"content":{"rendered":"<section id=\"bt_bb_section69e6d3adab5b7\" class=\"bt_bb_section bt_bb_layout_boxed_1200 bt_bb_vertical_align_top bt_bb_top_spacing_medium bt_bb_bottom_spacing_medium\"  data-bt-override-class=\"null\"><div class=\"bt_bb_port\"><div class=\"bt_bb_cell\"><div class=\"bt_bb_cell_inner\"><div class=\"bt_bb_row_wrapper\"><div  class=\"bt_bb_row bt_bb_column_gap_0\"  data-bt-override-class=\"{}\"><div  class=\"bt_bb_column col-xl-6 bt_bb_align_left bt_bb_vertical_align_top bt_bb_animation_fade_in move_up animate bt_bb_padding_normal bt_bb_animation_fade_in bt_bb_animation_move_up animate\"  data-width=\"6\" data-bt-override-class=\"{}\"><div class=\"bt_bb_column_content\"><div class=\"bt_bb_separator bt_bb_border_style_none bt_bb_top_spacing_small\" data-bt-override-class=\"null\"><\/div><header class=\"bt_bb_headline bt_bb_font_weight_bold bt_bb_color_scheme_7 bt_bb_dash_none bt_bb_size_large bt_bb_align_inherit bt_bb_dash_type_none\" style=\"; --primary-color:#000000; --secondary-color:#191919;\" data-bt-override-class=\"{}\"><h3 style=\"font-size:4.063em\" class=\"bt_bb_headline_tag\"><span class=\"bt_bb_headline_content\"><span><small><u>Kitap ile<\/u><\/small><br \/>\nDi\u015f Hekiminiz<\/span><\/span><\/h3><\/header><div class=\"bt_bb_separator bt_bb_border_style_none bt_bb_top_spacing_small bt_bb_bottom_spacing_extra_small\" data-bt-override-class=\"null\"><\/div><div  class=\"bt_bb_text\" ><p>B2B kullan\u0131c\u0131lar\u0131n\u0131 ve d\u00fcnya \u00e7ap\u0131ndaki potansiyelleri h\u0131zl\u0131 bir \u015fekilde bir araya getirin. Kaynak seviyelendirme temel yetkinlikleri arac\u0131l\u0131\u011f\u0131yla kaynak seviyelendirme e-ticaretini a\u015famal\u0131 olarak intihal edin. \u015eeffaf e-perakendecilerden \u00f6nce d\u00fc\u015f\u00fck riskli y\u00fcksek getirili hizalamalar\u0131 \u00f6nemli \u00f6l\u00e7\u00fcde a\u011fa ba\u011flay\u0131n.<\/p>\n<\/div><div class=\"bt_bb_separator bt_bb_border_style_none bt_bb_top_spacing_small\" data-bt-override-class=\"null\"><\/div><div class=\"bt_bb_column_highlight\"><\/div><\/div><\/div><div  class=\"bt_bb_column col-xl-6 bt_bb_align_left bt_bb_vertical_align_top bt_bb_padding_normal\"  data-width=\"6\" data-bt-override-class=\"{}\"><div class=\"bt_bb_column_content\"><div class=\"bt_bb_column_highlight\"><\/div><\/div><\/div><\/div><\/div><div class=\"bt_bb_row_wrapper\"><div  class=\"bt_bb_row bt_bb_column_gap_25\"  data-bt-override-class=\"{}\"><div  class=\"bt_bb_column col-xl-8 bt_bb_align_left bt_bb_vertical_align_top bt_bb_padding_double bt_bb_highlight\"  data-width=\"8\" data-bt-override-class=\"{}\"><div class=\"bt_bb_column_content\" style=\"background-color:rgba(225, 232, 240, 1);\"><div class=\"bt_bb_separator bt_bb_border_style_none bt_bb_top_spacing_small bt_bb_bottom_spacing_normal\" data-bt-override-class=\"null\"><\/div><div class=\"bt_bb_contact_form_7\">\n<div class=\"wpcf7 no-js\" id=\"wpcf7-f809-o1\" lang=\"en-US\" dir=\"ltr\">\n<div class=\"screen-reader-response\"><p role=\"status\" aria-live=\"polite\" aria-atomic=\"true\"><\/p> <ul><\/ul><\/div>\n<form action=\"\/tr\/wp-json\/wp\/v2\/pages\/3109#wpcf7-f809-o1\" method=\"post\" class=\"wpcf7-form init\" aria-label=\"Contact form\" novalidate=\"novalidate\" data-status=\"init\">\n<div style=\"display: none;\">\n<input type=\"hidden\" name=\"_wpcf7\" value=\"809\" \/>\n<input type=\"hidden\" name=\"_wpcf7_version\" value=\"5.7.4\" \/>\n<input type=\"hidden\" name=\"_wpcf7_locale\" value=\"en_US\" \/>\n<input type=\"hidden\" name=\"_wpcf7_unit_tag\" value=\"wpcf7-f809-o1\" \/>\n<input type=\"hidden\" name=\"_wpcf7_container_post\" value=\"0\" \/>\n<input type=\"hidden\" name=\"_wpcf7_posted_data_hash\" value=\"\" \/>\n<\/div>\n<div class=\"bt_bb_cf7_form\">\n\t<div class=\"bt_bb_cf7_row\">\n\t\t<div class=\"bt_bb_cf7_element\">\n\t\t\t<p><span class=\"wpcf7-form-control-wrap\" data-name=\"your-name\"><input size=\"40\" class=\"wpcf7-form-control wpcf7-text wpcf7-validates-as-required\" aria-required=\"true\" aria-invalid=\"false\" placeholder=\"Enter your Name *\" value=\"\" type=\"text\" name=\"your-name\" \/><\/span>\n\t\t\t<\/p>\n\t\t<\/div>\n\t<\/div>\n\t<div class=\"bt_bb_cf7_row\">\n\t\t<div class=\"bt_bb_cf7_element\">\n\t\t\t<p><span class=\"wpcf7-form-control-wrap\" data-name=\"your-email\"><input size=\"40\" class=\"wpcf7-form-control wpcf7-text wpcf7-email wpcf7-validates-as-required wpcf7-validates-as-email\" aria-required=\"true\" aria-invalid=\"false\" placeholder=\"Enter your Email Address *\" value=\"\" type=\"email\" name=\"your-email\" \/><\/span>\n\t\t\t<\/p>\n\t\t<\/div>\n\t<\/div>\n\t<div class=\"bt_bb_cf7_row\">\n\t\t<div class=\"bt_bb_cf7_element\">\n\t\t\t<p><span class=\"wpcf7-form-control-wrap\" data-name=\"menu-974\"><select class=\"wpcf7-form-control wpcf7-select\" aria-invalid=\"false\" name=\"menu-974\"><option value=\"Please select your dentist\">Please select your dentist<\/option><option value=\"Adam Palmer\">Adam Palmer<\/option><option value=\"Xavier Symmonds\">Xavier Symmonds<\/option><option value=\"Kate Seward\">Kate Seward<\/option><option value=\"Virginia Torres\">Virginia Torres<\/option><option value=\"Doris Clark\">Doris Clark<\/option><option value=\"Kevin Morgan\">Kevin Morgan<\/option><\/select><\/span>\n\t\t\t<\/p>\n\t\t<\/div>\n\t<\/div>\n\t<div class=\"bt_bb_cf7_row\">\n\t\t<div class=\"bt_bb_cf7_element\">\n\t\t\t<p><span class=\"wpcf7-form-control-wrap\" data-name=\"appointment-date\"><input class=\"wpcf7-form-control wpcf7-date wpcf7-validates-as-required wpcf7-validates-as-date\" aria-required=\"true\" aria-invalid=\"false\" placeholder=\"Select your appointment date *\" value=\"\" type=\"date\" name=\"appointment-date\" \/><\/span>\n\t\t\t<\/p>\n\t\t<\/div>\n\t<\/div>\n\t<div class=\"bt_bb_cf7_row\">\n\t\t<div class=\"bt_bb_cf7_element\">\n\t\t\t<p><span class=\"wpcf7-form-control-wrap\" data-name=\"your-message\"><textarea cols=\"40\" rows=\"3\" class=\"wpcf7-form-control wpcf7-textarea\" aria-invalid=\"false\" placeholder=\"Additional Message\" name=\"your-message\"><\/textarea><\/span>\n\t\t\t<\/p>\n\t\t<\/div>\n\t<\/div>\n\t<div class=\"bt_bb_cf7_row\">\n\t\t<div class=\"bt_bb_cf7_button bt_bb_cf7_element\">\n\t\t\t<p><input class=\"wpcf7-form-control has-spinner wpcf7-submit\" type=\"submit\" value=\"Book Appointment\" \/>\n\t\t\t<\/p>\n\t\t<\/div>\n\t<\/div>\n<\/div><div class=\"wpcf7-response-output\" aria-hidden=\"true\"><\/div>\n<\/form>\n<\/div>\n<\/div><div class=\"bt_bb_separator bt_bb_border_style_none bt_bb_bottom_spacing_normal\" data-bt-override-class=\"null\"><\/div><div class=\"bt_bb_column_highlight\"><\/div><\/div><\/div><div  class=\"bt_bb_column col-xl-4 bt_bb_align_left bt_bb_vertical_align_top bt_bb_padding_normal\"  data-width=\"4\" data-bt-override-class=\"{}\"><div class=\"bt_bb_column_content\"><div class=\"bt_bb_separator bt_bb_border_style_none bt_bb_bottom_spacing_normal\" data-bt-override-class=\"null\"><\/div><div class=\"bt_bb_service bt_bb_color_scheme_4 bt_bb_style_outline bt_bb_size_normal bt_bb_shape_circle bt_bb_target_self bt_bb_align_inherit\" style=\"; --primary-color:#f0c328; --secondary-color:#ffffff;\" data-bt-override-class=\"{}\"><span  data-ico-navigationandmaps=\"&#xe90d;\" class=\"bt_bb_icon_holder\"><\/span><div class=\"bt_bb_service_content\"><div class=\"bt_bb_service_content_title\">Adres<\/div><div class=\"bt_bb_service_content_text\">De\u00e1k Ferenc Caddesi 19,<br \/>\nBudape\u015fte, Macaristan<\/div><\/div><\/div><div class=\"bt_bb_separator bt_bb_border_style_solid bt_bb_top_spacing_small bt_bb_bottom_spacing_small\" data-bt-override-class=\"null\"><\/div><div class=\"bt_bb_service bt_bb_color_scheme_8 bt_bb_style_outline bt_bb_size_normal bt_bb_shape_circle bt_bb_target_self bt_bb_align_inherit\" style=\"; --primary-color:#000000; --secondary-color:#ffffff;\" data-bt-override-class=\"{}\"><span  data-ico-dentistry=\"&#xe92c;\" class=\"bt_bb_icon_holder\"><\/span><div class=\"bt_bb_service_content\"><div class=\"bt_bb_service_content_title\">Bizi Aray\u0131n<\/div><div class=\"bt_bb_service_content_text\">+36 55 540 069<br \/>\n+36 55 544 059<\/div><\/div><\/div><div class=\"bt_bb_separator bt_bb_border_style_solid bt_bb_top_spacing_small bt_bb_bottom_spacing_small\" data-bt-override-class=\"null\"><\/div><div class=\"bt_bb_service bt_bb_color_scheme_4 bt_bb_style_outline bt_bb_size_normal bt_bb_shape_circle bt_bb_target_self bt_bb_align_inherit\" style=\"; --primary-color:#f0c328; --secondary-color:#ffffff;\" data-bt-override-class=\"{}\"><span  data-ico-icon7stroke=\"&#xe63b;\" class=\"bt_bb_icon_holder\"><\/span><div class=\"bt_bb_service_content\"><div class=\"bt_bb_service_content_title\">Bize E-posta G\u00f6nderin<\/div><div class=\"bt_bb_service_content_text\">office@denticare.hu<br \/>\nbook@denticare.hu<\/div><\/div><\/div><div class=\"bt_bb_separator bt_bb_border_style_solid bt_bb_top_spacing_small bt_bb_bottom_spacing_small\" data-bt-override-class=\"null\"><\/div><div class=\"bt_bb_service bt_bb_color_scheme_8 bt_bb_style_outline bt_bb_size_normal bt_bb_shape_circle bt_bb_target_self bt_bb_align_inherit\" style=\"; --primary-color:#000000; --secondary-color:#ffffff;\" data-bt-override-class=\"{}\"><span  data-ico-essential=\"&#xe907;\" class=\"bt_bb_icon_holder\"><\/span><div class=\"bt_bb_service_content\"><div class=\"bt_bb_service_content_title\">\u00c7al\u0131\u015fma Saatleri<\/div><div class=\"bt_bb_service_content_text\">Pazartesi-Cuma<br \/>\nSABAH 8 - AK\u015eAM 9<\/div><\/div><\/div><div class=\"bt_bb_column_highlight\"><\/div><\/div><\/div><\/div><\/div><\/div><!-- cell_inner --><\/div><!-- cell --><\/div><!-- port --><\/section><section id=\"bt_bb_section69e6d3adb2759\" class=\"bt_bb_section bt_bb_layout_wide bt_bb_vertical_align_top\"  data-bt-override-class=\"null\"><div class=\"bt_bb_port\"><div class=\"bt_bb_cell\"><div class=\"bt_bb_cell_inner\"><div class=\"bt_bb_row_wrapper\"><div  class=\"bt_bb_row\"  data-bt-override-class=\"{}\"><div  class=\"bt_bb_column col-xl-12 bt_bb_align_left bt_bb_vertical_align_top bt_bb_padding_normal\"  data-width=\"12\" data-bt-override-class=\"{}\"><div class=\"bt_bb_column_content\"><div class=\"bt_bb_google_maps bt_bb_map bt_bb_map_type_interactive\" data-center=\"no\"><div class=\"bt_bb_google_maps_map bt_bb_map_map\" id=\"map_canvas69e6d3adb2965\" data-height=\"500\" data-api-key=\"AIzaSyBda9LxQ-Wztqsk6aFI7SkcdiypnKTPfiI\" data-map-type=\"interactive\" data-zoom=\"14\" data-init-finished=\"false\" data-custom-style=\"WwogICAgewogICAgICAgICJmZWF0dXJlVHlwZSI6ICJhZG1pbmlzdHJhdGl2ZSIsCiAgICAgICAgImVsZW1lbnRUeXBlIjogImxhYmVscy50ZXh0LmZpbGwiLAogICAgICAgICJzdHlsZXJzIjogWwogICAgICAgICAgICB7CiAgICAgICAgICAgICAgICAiY29sb3IiOiAiIzQ0NDQ0NCIKICAgICAgICAgICAgfQogICAgICAgIF0KICAgIH0sCiAgICB7CiAgICAgICAgImZlYXR1cmVUeXBlIjogImFkbWluaXN0cmF0aXZlLmxvY2FsaXR5IiwKICAgICAgICAiZWxlbWVudFR5cGUiOiAibGFiZWxzIiwKICAgICAgICAic3R5bGVycyI6IFsKICAgICAgICAgICAgewogICAgICAgICAgICAgICAgInZpc2liaWxpdHkiOiAib24iCiAgICAgICAgICAgIH0KICAgICAgICBdCiAgICB9LAogICAgewogICAgICAgICJmZWF0dXJlVHlwZSI6ICJsYW5kc2NhcGUiLAogICAgICAgICJlbGVtZW50VHlwZSI6ICJhbGwiLAogICAgICAgICJzdHlsZXJzIjogWwogICAgICAgICAgICB7CiAgICAgICAgICAgICAgICAiY29sb3IiOiAiI2YyZjJmMiIKICAgICAgICAgICAgfSwKICAgICAgICAgICAgewogICAgICAgICAgICAgICAgInZpc2liaWxpdHkiOiAic2ltcGxpZmllZCIKICAgICAgICAgICAgfQogICAgICAgIF0KICAgIH0sCiAgICB7CiAgICAgICAgImZlYXR1cmVUeXBlIjogInBvaSIsCiAgICAgICAgImVsZW1lbnRUeXBlIjogImFsbCIsCiAgICAgICAgInN0eWxlcnMiOiBbCiAgICAgICAgICAgIHsKICAgICAgICAgICAgICAgICJ2aXNpYmlsaXR5IjogIm9uIgogICAgICAgICAgICB9CiAgICAgICAgXQogICAgfSwKICAgIHsKICAgICAgICAiZmVhdHVyZVR5cGUiOiAicG9pIiwKICAgICAgICAiZWxlbWVudFR5cGUiOiAiZ2VvbWV0cnkiLAogICAgICAgICJzdHlsZXJzIjogWwogICAgICAgICAgICB7CiAgICAgICAgICAgICAgICAidmlzaWJpbGl0eSI6ICJzaW1wbGlmaWVkIgogICAgICAgICAgICB9LAogICAgICAgICAgICB7CiAgICAgICAgICAgICAgICAic2F0dXJhdGlvbiI6ICItNjUiCiAgICAgICAgICAgIH0sCiAgICAgICAgICAgIHsKICAgICAgICAgICAgICAgICJsaWdodG5lc3MiOiAiNDUiCiAgICAgICAgICAgIH0sCiAgICAgICAgICAgIHsKICAgICAgICAgICAgICAgICJnYW1tYSI6ICIxLjc4IgogICAgICAgICAgICB9CiAgICAgICAgXQogICAgfSwKICAgIHsKICAgICAgICAiZmVhdHVyZVR5cGUiOiAicG9pIiwKICAgICAgICAiZWxlbWVudFR5cGUiOiAibGFiZWxzIiwKICAgICAgICAic3R5bGVycyI6IFsKICAgICAgICAgICAgewogICAgICAgICAgICAgICAgInZpc2liaWxpdHkiOiAib2ZmIgogICAgICAgICAgICB9CiAgICAgICAgXQogICAgfSwKICAgIHsKICAgICAgICAiZmVhdHVyZVR5cGUiOiAicG9pIiwKICAgICAgICAiZWxlbWVudFR5cGUiOiAibGFiZWxzLmljb24iLAogICAgICAgICJzdHlsZXJzIjogWwogICAgICAgICAgICB7CiAgICAgICAgICAgICAgICAidmlzaWJpbGl0eSI6ICJvZmYiCiAgICAgICAgICAgIH0KICAgICAgICBdCiAgICB9LAogICAgewogICAgICAgICJmZWF0dXJlVHlwZSI6ICJyb2FkIiwKICAgICAgICAiZWxlbWVudFR5cGUiOiAiYWxsIiwKICAgICAgICAic3R5bGVycyI6IFsKICAgICAgICAgICAgewogICAgICAgICAgICAgICAgInNhdHVyYXRpb24iOiAtMTAwCiAgICAgICAgICAgIH0sCiAgICAgICAgICAgIHsKICAgICAgICAgICAgICAgICJsaWdodG5lc3MiOiA0NQogICAgICAgICAgICB9CiAgICAgICAgXQogICAgfSwKICAgIHsKICAgICAgICAiZmVhdHVyZVR5cGUiOiAicm9hZCIsCiAgICAgICAgImVsZW1lbnRUeXBlIjogImxhYmVscyIsCiAgICAgICAgInN0eWxlcnMiOiBbCiAgICAgICAgICAgIHsKICAgICAgICAgICAgICAgICJ2aXNpYmlsaXR5IjogIm9uIgogICAgICAgICAgICB9CiAgICAgICAgXQogICAgfSwKICAgIHsKICAgICAgICAiZmVhdHVyZVR5cGUiOiAicm9hZCIsCiAgICAgICAgImVsZW1lbnRUeXBlIjogImxhYmVscy5pY29uIiwKICAgICAgICAic3R5bGVycyI6IFsKICAgICAgICAgICAgewogICAgICAgICAgICAgICAgInZpc2liaWxpdHkiOiAib2ZmIgogICAgICAgICAgICB9CiAgICAgICAgXQogICAgfSwKICAgIHsKICAgICAgICAiZmVhdHVyZVR5cGUiOiAicm9hZC5oaWdod2F5IiwKICAgICAgICAiZWxlbWVudFR5cGUiOiAiYWxsIiwKICAgICAgICAic3R5bGVycyI6IFsKICAgICAgICAgICAgewogICAgICAgICAgICAgICAgInZpc2liaWxpdHkiOiAic2ltcGxpZmllZCIKICAgICAgICAgICAgfQogICAgICAgIF0KICAgIH0sCiAgICB7CiAgICAgICAgImZlYXR1cmVUeXBlIjogInJvYWQuaGlnaHdheSIsCiAgICAgICAgImVsZW1lbnRUeXBlIjogImdlb21ldHJ5LmZpbGwiLAogICAgICAgICJzdHlsZXJzIjogWwogICAgICAgICAgICB7CiAgICAgICAgICAgICAgICAiY29sb3IiOiAiIzAwYWY4OSIKICAgICAgICAgICAgfQogICAgICAgIF0KICAgIH0sCiAgICB7CiAgICAgICAgImZlYXR1cmVUeXBlIjogInJvYWQuaGlnaHdheSIsCiAgICAgICAgImVsZW1lbnRUeXBlIjogImxhYmVscy5pY29uIiwKICAgICAgICAic3R5bGVycyI6IFsKICAgICAgICAgICAgewogICAgICAgICAgICAgICAgInZpc2liaWxpdHkiOiAib2ZmIgogICAgICAgICAgICB9CiAgICAgICAgXQogICAgfSwKICAgIHsKICAgICAgICAiZmVhdHVyZVR5cGUiOiAicm9hZC5hcnRlcmlhbCIsCiAgICAgICAgImVsZW1lbnRUeXBlIjogImxhYmVscy5pY29uIiwKICAgICAgICAic3R5bGVycyI6IFsKICAgICAgICAgICAgewogICAgICAgICAgICAgICAgInZpc2liaWxpdHkiOiAib2ZmIgogICAgICAgICAgICB9CiAgICAgICAgXQogICAgfSwKICAgIHsKICAgICAgICAiZmVhdHVyZVR5cGUiOiAidHJhbnNpdC5saW5lIiwKICAgICAgICAiZWxlbWVudFR5cGUiOiAiZ2VvbWV0cnkiLAogICAgICAgICJzdHlsZXJzIjogWwogICAgICAgICAgICB7CiAgICAgICAgICAgICAgICAic2F0dXJhdGlvbiI6ICItMzMiCiAgICAgICAgICAgIH0sCiAgICAgICAgICAgIHsKICAgICAgICAgICAgICAgICJsaWdodG5lc3MiOiAiMjIiCiAgICAgICAgICAgIH0sCiAgICAgICAgICAgIHsKICAgICAgICAgICAgICAgICJnYW1tYSI6ICIyLjA4IgogICAgICAgICAgICB9CiAgICAgICAgXQogICAgfSwKICAgIHsKICAgICAgICAiZmVhdHVyZVR5cGUiOiAidHJhbnNpdC5zdGF0aW9uLmFpcnBvcnQiLAogICAgICAgICJlbGVtZW50VHlwZSI6ICJnZW9tZXRyeSIsCiAgICAgICAgInN0eWxlcnMiOiBbCiAgICAgICAgICAgIHsKICAgICAgICAgICAgICAgICJnYW1tYSI6ICIyLjA4IgogICAgICAgICAgICB9LAogICAgICAgICAgICB7CiAgICAgICAgICAgICAgICAiaHVlIjogIiNmZmEyMDAiCiAgICAgICAgICAgIH0KICAgICAgICBdCiAgICB9LAogICAgewogICAgICAgICJmZWF0dXJlVHlwZSI6ICJ0cmFuc2l0LnN0YXRpb24uYWlycG9ydCIsCiAgICAgICAgImVsZW1lbnRUeXBlIjogImxhYmVscyIsCiAgICAgICAgInN0eWxlcnMiOiBbCiAgICAgICAgICAgIHsKICAgICAgICAgICAgICAgICJ2aXNpYmlsaXR5IjogIm9mZiIKICAgICAgICAgICAgfQogICAgICAgIF0KICAgIH0sCiAgICB7CiAgICAgICAgImZlYXR1cmVUeXBlIjogInRyYW5zaXQuc3RhdGlvbi5yYWlsIiwKICAgICAgICAiZWxlbWVudFR5cGUiOiAibGFiZWxzLnRleHQiLAogICAgICAgICJzdHlsZXJzIjogWwogICAgICAgICAgICB7CiAgICAgICAgICAgICAgICAidmlzaWJpbGl0eSI6ICJvZmYiCiAgICAgICAgICAgIH0KICAgICAgICBdCiAgICB9LAogICAgewogICAgICAgICJmZWF0dXJlVHlwZSI6ICJ0cmFuc2l0LnN0YXRpb24ucmFpbCIsCiAgICAgICAgImVsZW1lbnRUeXBlIjogImxhYmVscy5pY29uIiwKICAgICAgICAic3R5bGVycyI6IFsKICAgICAgICAgICAgewogICAgICAgICAgICAgICAgInZpc2liaWxpdHkiOiAic2ltcGxpZmllZCIKICAgICAgICAgICAgfSwKICAgICAgICAgICAgewogICAgICAgICAgICAgICAgInNhdHVyYXRpb24iOiAiLTU1IgogICAgICAgICAgICB9LAogICAgICAgICAgICB7CiAgICAgICAgICAgICAgICAibGlnaHRuZXNzIjogIi0yIgogICAgICAgICAgICB9LAogICAgICAgICAgICB7CiAgICAgICAgICAgICAgICAiZ2FtbWEiOiAiMS44OCIKICAgICAgICAgICAgfSwKICAgICAgICAgICAgewogICAgICAgICAgICAgICAgImh1ZSI6ICIjZmZhYjAwIgogICAgICAgICAgICB9CiAgICAgICAgXQogICAgfSwKICAgIHsKICAgICAgICAiZmVhdHVyZVR5cGUiOiAid2F0ZXIiLAogICAgICAgICJlbGVtZW50VHlwZSI6ICJhbGwiLAogICAgICAgICJzdHlsZXJzIjogWwogICAgICAgICAgICB7CiAgICAgICAgICAgICAgICAiY29sb3IiOiAiIzEwNDA5OSIKICAgICAgICAgICAgfSwKICAgICAgICAgICAgewogICAgICAgICAgICAgICAgInZpc2liaWxpdHkiOiAic2ltcGxpZmllZCIKICAgICAgICAgICAgfQogICAgICAgIF0KICAgIH0KXQ==\" style=\"height:500px\"><\/div><div class=\"bt_bb_google_maps_location bt_bb_map_location bt_bb_google_maps_location_without_content bt_bb_map_location_without_content\" data-lat=\"47.497248\" data-lng=\"19.053688\" data-icon=\"https:\/\/ctmediks.com\/wp-content\/uploads\/2020\/01\/pin.png\"><\/div><\/div><div class=\"bt_bb_column_highlight\"><\/div><\/div><\/div><\/div><\/div><\/div><!-- cell_inner --><\/div><!-- cell --><\/div><!-- port --><\/section>","protected":false},"excerpt":{"rendered":"<p>Proaktif olarak multimedya tabanl\u0131 uzmanl\u0131k ve \u00e7apraz-medya b\u00fcy\u00fcme stratejileri \u00f6ng\u00f6rd\u00fc. \u00dcst\u00fcn i\u015fbirli\u011fi ve fikir payla\u015f\u0131m\u0131 olmadan kaliteli entelekt\u00fcel sermayeyi sorunsuz bir \u015fekilde g\u00f6rselle\u015ftirin. S\u00fcrd\u00fcr\u00fclebilir \u00fcr\u00fcnlerden sonra b\u00fct\u00fcnsel olarak kurulu taban portallar\u0131n\u0131 pontificate.<\/p>\n","protected":false},"author":1,"featured_media":1915,"parent":0,"menu_order":0,"comment_status":"closed","ping_status":"closed","template":"","meta":[],"_links":{"self":[{"href":"https:\/\/ctmediks.com\/tr\/wp-json\/wp\/v2\/pages\/3109"}],"collection":[{"href":"https:\/\/ctmediks.com\/tr\/wp-json\/wp\/v2\/pages"}],"about":[{"href":"https:\/\/ctmediks.com\/tr\/wp-json\/wp\/v2\/types\/page"}],"author":[{"embeddable":true,"href":"https:\/\/ctmediks.com\/tr\/wp-json\/wp\/v2\/users\/1"}],"replies":[{"embeddable":true,"href":"https:\/\/ctmediks.com\/tr\/wp-json\/wp\/v2\/comments?post=3109"}],"version-history":[{"count":8,"href":"https:\/\/ctmediks.com\/tr\/wp-json\/wp\/v2\/pages\/3109\/revisions"}],"predecessor-version":[{"id":3236,"href":"https:\/\/ctmediks.com\/tr\/wp-json\/wp\/v2\/pages\/3109\/revisions\/3236"}],"wp:featuredmedia":[{"embeddable":true,"href":"https:\/\/ctmediks.com\/tr\/wp-json\/wp\/v2\/media\/1915"}],"wp:attachment":[{"href":"https:\/\/ctmediks.com\/tr\/wp-json\/wp\/v2\/media?parent=3109"}],"curies":[{"name":"wp","href":"https:\/\/api.w.org\/{rel}","templated":true}]}}