{"id":4832,"date":"2023-01-27T15:47:14","date_gmt":"2023-01-27T15:47:14","guid":{"rendered":"https:\/\/ctmediks.com\/product\/circuit-classique-dune-journee-a-ephese-depuis-kusadasi\/"},"modified":"2023-01-27T18:34:22","modified_gmt":"2023-01-27T18:34:22","slug":"ephesus-jour-complet-tour-classique-de-kusadasi","status":"publish","type":"product","link":"https:\/\/ctmediks.com\/fr\/produit\/ephesus-jour-complet-tour-classique-de-kusadasi\/","title":{"rendered":"Circuit classique d&rsquo;une journ\u00e9e \u00e0 Eph\u00e8se depuis Kusadasi"},"content":{"rendered":"<section id=\"bt_bb_section69dc4cce4bb08\" class=\"bt_bb_section bt_bb_layout_boxed_1200\"  data-bt-override-class=\"null\"><div class=\"bt_bb_port\"><div class=\"bt_bb_cell\"><div class=\"bt_bb_cell_inner\"><div class=\"bt_bb_row_wrapper\"><div  class=\"bt_bb_row\"  data-bt-override-class=\"{}\"><div  class=\"bt_bb_column col-xl-12 col-xs-12 col-sm-12 col-md-12 col-lg-12 bt_bb_align_left bt_bb_vertical_align_top bt_bb_padding_normal\"  data-width=\"12\" data-bt-override-class=\"{}\"><div class=\"bt_bb_column_content\"><header class=\"bt_bb_headline bt_bb_subheadline_text_transform_default bt_bb_color_scheme_5 bt_bb_dash_none bt_bb_subheadline bt_bb_size_inherit bt_bb_align_inherit bt_bb_dash_type_none\" style=\"; --primary-color:#191919; --secondary-color:#f0c328;\" data-bt-override-class=\"{&quot;bt_bb_size_&quot;:{&quot;current_class&quot;:&quot;bt_bb_size_inherit&quot;,&quot;xxl&quot;:&quot;inherit&quot;,&quot;xl&quot;:&quot;inherit&quot;},&quot;bt_bb_align_&quot;:{&quot;current_class&quot;:&quot;bt_bb_align_inherit&quot;,&quot;xxl&quot;:&quot;inherit&quot;,&quot;xl&quot;:&quot;inherit&quot;}}\"><h2 class=\"bt_bb_headline_tag\"><span class=\"bt_bb_headline_content\"><span>Circuit classique d'une journ\u00e9e \u00e0 Eph\u00e8se depuis Kusadasi<\/span><\/span><\/h2><div class=\"bt_bb_headline_subheadline\">Le matin, notre guide touristique vous accueillera au port ou \u00e0 l'h\u00f4tel de Kusadasi. Et, nous allons \u00e0 Eph\u00e8se. \u00c9ph\u00e8se \u00e9tait la deuxi\u00e8me plus grande ville de l'Empire romain, avec plus de 250 000 habitants au premier si\u00e8cle avant J\u00e9sus-Christ. Elle \u00e9tait la deuxi\u00e8me plus grande ville du monde, juste derri\u00e8re Rome. Eph\u00e8se \u00e9tait aussi une ville portuaire. Et, cette ville g\u00e9ante a \u00e9t\u00e9 construite uniquement avec du marbre. Saviez-vous qu'Eph\u00e8se poss\u00e9dait le plus grand amphith\u00e9\u00e2tre du monde antique, avec plus de 25 000 places ? Voir \u00e9galement la d\u00e9esse Nike, la pharmacie locale, la porte d'Hadrien, la biblioth\u00e8que de Celsus (la troisi\u00e8me plus grande biblioth\u00e8que), la rue Marble et la rue Harbor.<br \/>\n<br \/>\nLe temple d'Art\u00e9mis ou Art\u00e9mision, \u00e9galement connu sous le nom de temple de Diane, \u00e9tait un temple grec d\u00e9di\u00e9 \u00e0 la d\u00e9esse Art\u00e9mis. Elle \u00e9tait situ\u00e9e \u00e0 Eph\u00e8se et \u00e9tait l'une des sept merveilles du monde.<br \/>\n<br \/>\nLa Maison de la Vierge Marie est un lieu o\u00f9, selon les croyances de nombreuses personnes, Marie, la m\u00e8re de J\u00e9sus, a pass\u00e9 les derni\u00e8res ann\u00e9es de sa vie. Elle devait arriver \u00e0 \u00c9ph\u00e8se avec saint Jean et y vivre dans les ann\u00e9es 37-45 de notre \u00e8re jusqu'\u00e0 son Assomption ou Dormition.<br \/>\n<br \/>\nLa mosqu\u00e9e Isabey, construite en 1374-1375, est l'une des \u0153uvres architecturales les plus anciennes et les plus impressionnantes des Beyliks d'Anatolie. La mosqu\u00e9e est situ\u00e9e \u00e0 la p\u00e9riph\u00e9rie des collines d'Ayasuluk \u00e0 Selcuk - Eph\u00e8se.<br \/>\n<br \/>\n\u00c0 la fin de l'excursion, vous rentrez au port de Kusadasi ou \u00e0 l'h\u00f4tel.<\/div><\/header><div class=\"bt_bb_separator bt_bb_border_style_none bt_bb_top_spacing_normal bt_bb_bottom_spacing_none\" data-bt-override-class=\"{&quot;bt_bb_top_spacing_&quot;:{&quot;current_class&quot;:&quot;bt_bb_top_spacing_normal&quot;,&quot;xxl&quot;:&quot;normal&quot;,&quot;xl&quot;:&quot;normal&quot;},&quot;bt_bb_bottom_spacing_&quot;:{&quot;current_class&quot;:&quot;bt_bb_bottom_spacing_none&quot;,&quot;xxl&quot;:&quot;none&quot;,&quot;xl&quot;:&quot;none&quot;}}\"><\/div><div class=\"bt_bb_accordion bt_bb_style_outline bt_bb_shape_square\"><div class=\"bt_bb_accordion_item\"><div class=\"bt_bb_accordion_item_title\">INCLUS<\/div><div class=\"bt_bb_accordion_item_content\"><div  class=\"bt_bb_text\" >\n<ul class=\"m-l-22\">\n<li class=\"icontick\"><span id=\"ContentPlaceHolder1_DataList1_dlturincluded_0\">Droits d&rsquo;entr\u00e9e<\/span><\/li>\n<\/ul>\n<ul class=\"m-l-22\">\n<li class=\"icontick\"><span id=\"ContentPlaceHolder1_DataList1_dlturincluded_1\">Guide touristique professionnel agr\u00e9\u00e9<\/span><\/li>\n<\/ul>\n<ul class=\"m-l-22\">\n<li class=\"icontick\"><span id=\"ContentPlaceHolder1_DataList1_dlturincluded_2\">D\u00e9jeuner (excursions d&rsquo;une journ\u00e9e)<\/span><\/li>\n<\/ul>\n<ul class=\"m-l-22\">\n<li class=\"icontick\"><span id=\"ContentPlaceHolder1_DataList1_dlturincluded_3\">Prise en charge et d\u00e9pose<\/span><\/li>\n<\/ul>\n<ul class=\"m-l-22\">\n<li class=\"icontick\"><span id=\"ContentPlaceHolder1_DataList1_dlturincluded_4\">Toutes les taxes locales<\/span><\/li>\n<\/ul>\n<\/div>\n<\/div><\/div><div class=\"bt_bb_accordion_item\"><div class=\"bt_bb_accordion_item_title\">EXCLUES<\/div><div class=\"bt_bb_accordion_item_content\"><div  class=\"bt_bb_text\" >\n<ul class=\"m-l-22\">\n<li class=\"iconx\"><span id=\"ContentPlaceHolder1_DataList2_dlturexcluded_0\">Boissons<\/span><\/li>\n<\/ul>\n<ul class=\"m-l-22\">\n<li class=\"iconx\"><span id=\"ContentPlaceHolder1_DataList2_dlturexcluded_1\">D\u00e9penses personnelles<\/span><\/li>\n<\/ul>\n<ul class=\"m-l-22\">\n<li class=\"iconx\"><span id=\"ContentPlaceHolder1_DataList2_dlturexcluded_2\">Conseils pour le chauffeur et le guide &#8211; Gratitude<\/span><\/li>\n<\/ul>\n<\/div>\n<\/div><\/div><\/div><div class=\"bt_bb_column_highlight\"><\/div><\/div><\/div><\/div><\/div><div class=\"bt_bb_row_wrapper\"><div  class=\"bt_bb_row\"  data-bt-override-class=\"{}\"><div  class=\"bt_bb_column col-xl-12 col-xs-12 col-sm-12 col-md-12 col-lg-12 bt_bb_align_left bt_bb_vertical_align_top bt_bb_padding_normal\"  data-width=\"12\" data-bt-override-class=\"{}\"><div class=\"bt_bb_column_content\"><div class=\"bt_bb_separator bt_bb_border_style_none bt_bb_top_spacing_normal bt_bb_bottom_spacing_none\" data-bt-override-class=\"{&quot;bt_bb_top_spacing_&quot;:{&quot;current_class&quot;:&quot;bt_bb_top_spacing_normal&quot;,&quot;xxl&quot;:&quot;normal&quot;,&quot;xl&quot;:&quot;normal&quot;},&quot;bt_bb_bottom_spacing_&quot;:{&quot;current_class&quot;:&quot;bt_bb_bottom_spacing_none&quot;,&quot;xxl&quot;:&quot;none&quot;,&quot;xl&quot;:&quot;none&quot;}}\"><\/div><div class=\"bt_bb_masonry_image_grid bt_bb_grid_container bt_bb_columns_4 bt_bb_gap_normal\" data-columns=\"4\"><div class=\"bt_bb_masonry_post_image_content\" data-columns=\"4\"><div class=\"bt_bb_grid_sizer\"><\/div><div class=\"bt_bb_grid_item bt_bb_tile_format11\" data-hw=\"0.6640625\" data-src=\"https:\/\/ctmediks.com\/wp-content\/uploads\/2023\/01\/isabeymosque-640x425.jpg\" data-src-full=\"https:\/\/ctmediks.com\/wp-content\/uploads\/2023\/01\/isabeymosque.jpg\" data-title=\"isabeymosque\"><div class=\"bt_bb_grid_item_inner\" data-hw=\"0.6640625\" ><div class=\"bt_bb_grid_item_inner_image\"><\/div><div class=\"bt_bb_grid_item_inner_content\"><\/div><\/div><\/div><div class=\"bt_bb_grid_item bt_bb_tile_format11\" data-hw=\"0.665625\" data-src=\"https:\/\/ctmediks.com\/wp-content\/uploads\/2023\/01\/houseofvirginmary-1-640x426.jpg\" data-src-full=\"https:\/\/ctmediks.com\/wp-content\/uploads\/2023\/01\/houseofvirginmary-1.jpg\" data-title=\"houseofvirginmary 1\"><div class=\"bt_bb_grid_item_inner\" data-hw=\"0.665625\" ><div class=\"bt_bb_grid_item_inner_image\"><\/div><div class=\"bt_bb_grid_item_inner_content\"><\/div><\/div><\/div><div class=\"bt_bb_grid_item bt_bb_tile_format11\" data-hw=\"0.665625\" data-src=\"https:\/\/ctmediks.com\/wp-content\/uploads\/2023\/01\/houseofvirginmary-640x426.jpg\" data-src-full=\"https:\/\/ctmediks.com\/wp-content\/uploads\/2023\/01\/houseofvirginmary.jpg\" data-title=\"houseofvirginmary\"><div class=\"bt_bb_grid_item_inner\" data-hw=\"0.665625\" ><div class=\"bt_bb_grid_item_inner_image\"><\/div><div class=\"bt_bb_grid_item_inner_content\"><\/div><\/div><\/div><div class=\"bt_bb_grid_item bt_bb_tile_format11\" data-hw=\"0.665625\" data-src=\"https:\/\/ctmediks.com\/wp-content\/uploads\/2023\/01\/templeofartemis-640x426.jpg\" data-src-full=\"https:\/\/ctmediks.com\/wp-content\/uploads\/2023\/01\/templeofartemis.jpg\" data-title=\"templeofartemis\"><div class=\"bt_bb_grid_item_inner\" data-hw=\"0.665625\" ><div class=\"bt_bb_grid_item_inner_image\"><\/div><div class=\"bt_bb_grid_item_inner_content\"><\/div><\/div><\/div><div class=\"bt_bb_grid_item bt_bb_tile_format11\" data-hw=\"0.6640625\" data-src=\"https:\/\/ctmediks.com\/wp-content\/uploads\/2023\/01\/marblestreet-640x425.jpg\" data-src-full=\"https:\/\/ctmediks.com\/wp-content\/uploads\/2023\/01\/marblestreet.jpg\" data-title=\"marblestreet\"><div class=\"bt_bb_grid_item_inner\" data-hw=\"0.6640625\" ><div class=\"bt_bb_grid_item_inner_image\"><\/div><div class=\"bt_bb_grid_item_inner_content\"><\/div><\/div><\/div><div class=\"bt_bb_grid_item bt_bb_tile_format11\" data-hw=\"0.665625\" data-src=\"https:\/\/ctmediks.com\/wp-content\/uploads\/2023\/01\/catsinephesus-640x426.jpg\" data-src-full=\"https:\/\/ctmediks.com\/wp-content\/uploads\/2023\/01\/catsinephesus.jpg\" data-title=\"catsinephesus\"><div class=\"bt_bb_grid_item_inner\" data-hw=\"0.665625\" ><div class=\"bt_bb_grid_item_inner_image\"><\/div><div class=\"bt_bb_grid_item_inner_content\"><\/div><\/div><\/div><div class=\"bt_bb_grid_item bt_bb_tile_format11\" data-hw=\"0.665625\" data-src=\"https:\/\/ctmediks.com\/wp-content\/uploads\/2023\/01\/1943_hadriangate-640x426.jpg\" data-src-full=\"https:\/\/ctmediks.com\/wp-content\/uploads\/2023\/01\/1943_hadriangate.jpg\" data-title=\"1943_hadriangate\"><div class=\"bt_bb_grid_item_inner\" data-hw=\"0.665625\" ><div class=\"bt_bb_grid_item_inner_image\"><\/div><div class=\"bt_bb_grid_item_inner_content\"><\/div><\/div><\/div><div class=\"bt_bb_grid_item bt_bb_tile_format11\" data-hw=\"0.75\" data-src=\"https:\/\/ctmediks.com\/wp-content\/uploads\/2023\/01\/ephesuscelsuslibrary-640x480.jpg\" data-src-full=\"https:\/\/ctmediks.com\/wp-content\/uploads\/2023\/01\/ephesuscelsuslibrary.jpg\" data-title=\"ephesuscelsuslibrary\"><div class=\"bt_bb_grid_item_inner\" data-hw=\"0.75\" ><div class=\"bt_bb_grid_item_inner_image\"><\/div><div class=\"bt_bb_grid_item_inner_content\"><\/div><\/div><\/div><\/div><\/div><div class=\"bt_bb_separator bt_bb_border_style_none bt_bb_top_spacing_normal bt_bb_bottom_spacing_none\" data-bt-override-class=\"{&quot;bt_bb_top_spacing_&quot;:{&quot;current_class&quot;:&quot;bt_bb_top_spacing_normal&quot;,&quot;xxl&quot;:&quot;normal&quot;,&quot;xl&quot;:&quot;normal&quot;},&quot;bt_bb_bottom_spacing_&quot;:{&quot;current_class&quot;:&quot;bt_bb_bottom_spacing_none&quot;,&quot;xxl&quot;:&quot;none&quot;,&quot;xl&quot;:&quot;none&quot;}}\"><\/div><div class=\"bt_bb_column_highlight\"><\/div><\/div><\/div><\/div><\/div><\/div><!-- cell_inner --><\/div><!-- cell --><\/div><!-- port --><\/section>","protected":false},"excerpt":{"rendered":"","protected":false},"featured_media":4896,"comment_status":"closed","ping_status":"closed","template":"","meta":[],"product_cat":[211],"product_tag":[],"_links":{"self":[{"href":"https:\/\/ctmediks.com\/fr\/wp-json\/wp\/v2\/product\/4832"}],"collection":[{"href":"https:\/\/ctmediks.com\/fr\/wp-json\/wp\/v2\/product"}],"about":[{"href":"https:\/\/ctmediks.com\/fr\/wp-json\/wp\/v2\/types\/product"}],"replies":[{"embeddable":true,"href":"https:\/\/ctmediks.com\/fr\/wp-json\/wp\/v2\/comments?post=4832"}],"wp:featuredmedia":[{"embeddable":true,"href":"https:\/\/ctmediks.com\/fr\/wp-json\/wp\/v2\/media\/4896"}],"wp:attachment":[{"href":"https:\/\/ctmediks.com\/fr\/wp-json\/wp\/v2\/media?parent=4832"}],"wp:term":[{"taxonomy":"product_cat","embeddable":true,"href":"https:\/\/ctmediks.com\/fr\/wp-json\/wp\/v2\/product_cat?post=4832"},{"taxonomy":"product_tag","embeddable":true,"href":"https:\/\/ctmediks.com\/fr\/wp-json\/wp\/v2\/product_tag?post=4832"}],"curies":[{"name":"wp","href":"https:\/\/api.w.org\/{rel}","templated":true}]}}