{"id":2737,"date":"2019-12-30T09:58:48","date_gmt":"2019-12-30T09:58:48","guid":{"rendered":"https:\/\/ctmediks.com\/pied-de-page\/"},"modified":"2023-01-26T17:13:12","modified_gmt":"2023-01-26T17:13:12","slug":"pied-de-page","status":"publish","type":"page","link":"https:\/\/ctmediks.com\/fr\/pied-de-page\/","title":{"rendered":"Pied de page"},"content":{"rendered":"<section id=\"bt_bb_section69dfd6f95fc5b\" class=\"bt_bb_section bt_bb_layout_boxed_1200 bt_bb_vertical_align_top bt_bb_top_spacing_medium bt_bb_bottom_spacing_normal\" style=\";background-color:#e1e8f0;\" data-bt-override-class=\"null\"><div class=\"bt_bb_port\"><div class=\"bt_bb_cell\"><div class=\"bt_bb_cell_inner\"><div class=\"bt_bb_row_wrapper\"><div  class=\"bt_bb_row bt_bb_column_gap_30\"  data-bt-override-class=\"{}\"><div  class=\"bt_bb_column col-xl-3 bt_bb_align_left bt_bb_vertical_align_top bt_bb_padding_normal\"  data-width=\"3\" data-bt-override-class=\"{}\"><div class=\"bt_bb_column_content\"><div class=\"bt_bb_image bt_bb_shape_square bt_bb_target_self bt_bb_align_inherit bt_bb_hover_style_simple bt_bb_content_display_always bt_bb_content_align_middle\" style=\"max-width: 150px;\" data-bt-override-class=\"{&quot;bt_bb_align_&quot;:{&quot;current_class&quot;:&quot;bt_bb_align_inherit&quot;,&quot;xxl&quot;:&quot;inherit&quot;,&quot;xl&quot;:&quot;inherit&quot;}}\"><span><img width=\"17165\" height=\"5554\" src=\"https:\/\/ctmediks.com\/wp-content\/uploads\/2022\/12\/ctmedik-logo.png\" class=\"attachment-full size-full\" alt=\"https:\/\/ctmediks.com\/wp-content\/uploads\/2022\/12\/ctmedik-logo.png\" loading=\"lazy\" data-full_image_src=\"https:\/\/ctmediks.com\/wp-content\/uploads\/2022\/12\/ctmedik-logo.png\" title=\"ctmedik logo\" srcset=\"https:\/\/ctmediks.com\/wp-content\/uploads\/2022\/12\/ctmedik-logo.png 17165w, https:\/\/ctmediks.com\/wp-content\/uploads\/2022\/12\/ctmedik-logo-640x207.png 640w, https:\/\/ctmediks.com\/wp-content\/uploads\/2022\/12\/ctmedik-logo-1280x414.png 1280w, https:\/\/ctmediks.com\/wp-content\/uploads\/2022\/12\/ctmedik-logo-768x248.png 768w, https:\/\/ctmediks.com\/wp-content\/uploads\/2022\/12\/ctmedik-logo-1536x497.png 1536w, https:\/\/ctmediks.com\/wp-content\/uploads\/2022\/12\/ctmedik-logo-2048x663.png 2048w, https:\/\/ctmediks.com\/wp-content\/uploads\/2022\/12\/ctmedik-logo-320x104.png 320w, https:\/\/ctmediks.com\/wp-content\/uploads\/2022\/12\/ctmedik-logo-600x194.png 600w\" sizes=\"(max-width: 17165px) 100vw, 17165px\" \/><\/span><\/div><div class=\"bt_bb_separator bt_bb_border_style_none bt_bb_bottom_spacing_small\" data-bt-override-class=\"null\"><\/div><div  class=\"bt_bb_text\" style=\"line-height: 1.875;\"><p>Nous sommes une \u00e9quipe sympathique de m\u00e9decins sp\u00e9cialistes qui travaillent ensemble pour s&rsquo;assurer que vous recevez le meilleur traitement dont vous avez besoin.<\/p>\n<\/div><div class=\"bt_bb_separator bt_bb_border_style_none bt_bb_bottom_spacing_normal\" data-bt-override-class=\"null\"><\/div><div class=\"bt_bb_column_highlight\"><\/div><\/div><\/div><div  class=\"bt_bb_column col-xl-3 bt_bb_align_left bt_bb_vertical_align_top bt_bb_padding_normal\"  data-width=\"3\" data-bt-override-class=\"{}\"><div class=\"bt_bb_column_content\"><div class=\"bt_bb_separator bt_bb_border_style_none bt_bb_bottom_spacing_extra_small\" data-bt-override-class=\"null\"><\/div><header class=\"bt_bb_headline bt_bb_color_scheme_3 bt_bb_dash_none bt_bb_size_small bt_bb_align_inherit bt_bb_dash_type_none\" style=\"; --primary-color:#f0c328; --secondary-color:#191919;\" data-bt-override-class=\"{&quot;bt_bb_size_&quot;:{&quot;current_class&quot;:&quot;bt_bb_size_small&quot;,&quot;xxl&quot;:&quot;small&quot;,&quot;xl&quot;:&quot;small&quot;},&quot;bt_bb_align_&quot;:{&quot;current_class&quot;:&quot;bt_bb_align_inherit&quot;,&quot;xxl&quot;:&quot;inherit&quot;,&quot;xl&quot;:&quot;inherit&quot;}}\"><h6 class=\"bt_bb_headline_tag\"><span class=\"bt_bb_headline_content\"><span>Liens importants<\/span><\/span><\/h6><\/header><div class=\"bt_bb_separator bt_bb_border_style_none bt_bb_bottom_spacing_small\" data-bt-override-class=\"null\"><\/div><div class=\"bt_bb_custom_menu btFooterMenuTwoCol bt_bb_direction_vertical\"><div class=\"menu-footer-menu-french-container\"><ul id=\"menu-footer-menu-french\" class=\"menu\"><li id=\"menu-item-4268\" class=\"menu-item menu-item-type-post_type menu-item-object-page menu-item-4268\"><a href=\"https:\/\/ctmediks.com\/fr\/bariatrique\/\">Bariatrique<\/a><\/li>\n<li id=\"menu-item-4269\" class=\"menu-item menu-item-type-post_type menu-item-object-page menu-item-4269\"><a href=\"https:\/\/ctmediks.com\/fr\/transplantation-de-cheveux\/\">Transplantation de cheveux<\/a><\/li>\n<li id=\"menu-item-4270\" class=\"menu-item menu-item-type-post_type menu-item-object-page menu-item-4270\"><a href=\"https:\/\/ctmediks.com\/fr\/chirurgie-dentaire\/\">Chirurgie dentaire<\/a><\/li>\n<li id=\"menu-item-4285\" class=\"menu-item menu-item-type-post_type menu-item-object-page menu-item-4285\"><a href=\"https:\/\/ctmediks.com\/fr\/chirurgie-plastique\/\">Chirurgie plastique<\/a><\/li>\n<li id=\"menu-item-4286\" class=\"menu-item menu-item-type-post_type menu-item-object-page menu-item-4286\"><a href=\"https:\/\/ctmediks.com\/fr\/processus\/\">Processus<\/a><\/li>\n<\/ul><\/div><\/div><div class=\"bt_bb_separator bt_bb_border_style_none bt_bb_bottom_spacing_normal\" data-bt-override-class=\"null\"><\/div><div class=\"bt_bb_column_highlight\"><\/div><\/div><\/div><div  class=\"bt_bb_column col-xl-3 bt_bb_align_left bt_bb_vertical_align_top bt_bb_padding_normal\"  data-width=\"3\" data-bt-override-class=\"{}\"><div class=\"bt_bb_column_content\"><div class=\"bt_bb_separator bt_bb_border_style_none bt_bb_bottom_spacing_extra_small\" data-bt-override-class=\"null\"><\/div><header class=\"bt_bb_headline bt_bb_color_scheme_3 bt_bb_dash_none bt_bb_size_small bt_bb_align_inherit bt_bb_dash_type_none\" style=\"; --primary-color:#f0c328; --secondary-color:#191919;\" data-bt-override-class=\"{}\"><h6 class=\"bt_bb_headline_tag\"><span class=\"bt_bb_headline_content\"><span>Nos prix<\/span><\/span><\/h6><\/header><div class=\"bt_bb_separator bt_bb_border_style_none bt_bb_bottom_spacing_small\" data-bt-override-class=\"null\"><\/div><div class=\"bt_bb_image bt_bb_shape_square bt_bb_target_self bt_bb_align_inherit bt_bb_hover_style_simple bt_bb_content_display_always bt_bb_content_align_middle\" data-bt-override-class=\"{&quot;bt_bb_align_&quot;:{&quot;current_class&quot;:&quot;bt_bb_align_inherit&quot;,&quot;xxl&quot;:&quot;inherit&quot;,&quot;xl&quot;:&quot;inherit&quot;}}\"><span><img width=\"780\" height=\"189\" src=\"https:\/\/ctmediks.com\/wp-content\/uploads\/2023\/01\/certificate-2-1.png\" class=\"attachment-full size-full\" alt=\"https:\/\/ctmediks.com\/wp-content\/uploads\/2023\/01\/certificate-2-1.png\" loading=\"lazy\" data-full_image_src=\"https:\/\/ctmediks.com\/wp-content\/uploads\/2023\/01\/certificate-2-1.png\" title=\"certificate 2\" srcset=\"https:\/\/ctmediks.com\/wp-content\/uploads\/2023\/01\/certificate-2-1.png 780w, https:\/\/ctmediks.com\/wp-content\/uploads\/2023\/01\/certificate-2-1-640x155.png 640w, https:\/\/ctmediks.com\/wp-content\/uploads\/2023\/01\/certificate-2-1-768x186.png 768w, https:\/\/ctmediks.com\/wp-content\/uploads\/2023\/01\/certificate-2-1-320x78.png 320w, https:\/\/ctmediks.com\/wp-content\/uploads\/2023\/01\/certificate-2-1-600x145.png 600w\" sizes=\"(max-width: 780px) 100vw, 780px\" \/><\/span><\/div><div class=\"bt_bb_separator bt_bb_border_style_none bt_bb_bottom_spacing_normal\" data-bt-override-class=\"null\"><\/div><div class=\"bt_bb_column_highlight\"><\/div><\/div><\/div><div  class=\"bt_bb_column col-xl-3 bt_bb_align_left bt_bb_vertical_align_top bt_bb_padding_normal\"  data-width=\"3\" data-bt-override-class=\"{}\"><div class=\"bt_bb_column_content\"><div class=\"bt_bb_separator bt_bb_border_style_none bt_bb_bottom_spacing_extra_small\" data-bt-override-class=\"null\"><\/div><header class=\"bt_bb_headline bt_bb_color_scheme_3 bt_bb_dash_none bt_bb_size_small bt_bb_align_inherit bt_bb_dash_type_none\" style=\"; --primary-color:#f0c328; --secondary-color:#191919;\" data-bt-override-class=\"{}\"><h6 class=\"bt_bb_headline_tag\"><span class=\"bt_bb_headline_content\"><span>R\u00e9seaux sociaux<\/span><\/span><\/h6><\/header><div class=\"bt_bb_separator bt_bb_border_style_none bt_bb_bottom_spacing_small\" data-bt-override-class=\"null\"><\/div><div  class=\"bt_bb_text\" ><p>Visitez CT Mediks sur ces liens sociaux.<\/p>\n<\/div><div class=\"bt_bb_separator bt_bb_border_style_none bt_bb_bottom_spacing_extra_small\" data-bt-override-class=\"null\"><\/div><div class=\"bt_bb_icon bt_bb_color_scheme_11 bt_bb_style_filled bt_bb_size_xsmall bt_bb_shape_circle bt_bb_target_blank bt_bb_text_empty bt_bb_align_inherit\" style=\"; --primary-color:#ffffff; --secondary-color:#000000;\" data-bt-override-class=\"{}\"><a href=\"https:\/\/www.facebook.com\/boldthemes\/\"  target=\"_blank\"   data-ico-fontawesome5brands=\"&#xf39e;\" class=\"bt_bb_icon_holder\"><\/a><\/div><div class=\"bt_bb_icon bt_bb_color_scheme_11 bt_bb_style_filled bt_bb_size_xsmall bt_bb_shape_circle bt_bb_target_blank bt_bb_text_empty bt_bb_align_inherit\" style=\"; --primary-color:#ffffff; --secondary-color:#000000;\" data-bt-override-class=\"{}\"><a href=\"https:\/\/twitter.com\/bold_themes\"  target=\"_blank\"   data-ico-fontawesome5brands=\"&#xf099;\" class=\"bt_bb_icon_holder\"><\/a><\/div><div class=\"bt_bb_icon bt_bb_color_scheme_11 bt_bb_style_filled bt_bb_size_xsmall bt_bb_shape_circle bt_bb_target_blank bt_bb_text_empty bt_bb_align_inherit\" style=\"; --primary-color:#ffffff; --secondary-color:#000000;\" data-bt-override-class=\"{}\"><a href=\"#\"  target=\"_blank\"   data-ico-fontawesome5brands=\"&#xf0e1;\" class=\"bt_bb_icon_holder\"><\/a><\/div><div class=\"bt_bb_column_highlight\"><\/div><\/div><\/div><\/div><\/div><\/div><!-- cell_inner --><\/div><!-- cell --><\/div><!-- port --><\/section><section id=\"bt_bb_section69dfd6f9645b9\" class=\"bt_bb_section bt_bb_color_scheme_1 bt_bb_layout_boxed_1200 bt_bb_vertical_align_top bt_bb_section_show_boxed_content\" style=\"background: transparent;; --section-primary-color:#ffffff; --section-secondary-color:#191919;\" data-bt-override-class=\"null\"><div class=\"bt_bb_port\"><div class=\"bt_bb_cell\"><div class=\"bt_bb_cell_inner\"><div class=\"bt_bb_row_wrapper\"><div  class=\"bt_bb_row bt_bb_hidden_xs bt_bb_hidden_ms bt_bb_hidden_sm\"  data-bt-override-class=\"{}\"><div  class=\"bt_bb_column col-xl-6 bt_bb_align_left bt_bb_vertical_align_top bt_bb_padding_normal\" style=\"background-color:rgb(240,195,40);\" data-width=\"6\" data-bt-override-class=\"{&quot;bt_bb_align_&quot;:{&quot;current_class&quot;:&quot;bt_bb_align_left&quot;,&quot;xxl&quot;:&quot;left&quot;,&quot;xl&quot;:&quot;left&quot;},&quot;bt_bb_padding_&quot;:{&quot;current_class&quot;:&quot;bt_bb_padding_normal&quot;,&quot;xxl&quot;:&quot;normal&quot;,&quot;xl&quot;:&quot;normal&quot;}}\"><div class=\"bt_bb_column_content\"><div class=\"bt_bb_separator bt_bb_border_style_none bt_bb_top_spacing_extra_small bt_bb_bottom_spacing_small\" data-bt-override-class=\"null\"><\/div><div  class=\"bt_bb_text\" ><p>Copyright 2023 par CT Mediks. Tous droits r\u00e9serv\u00e9s.<\/p>\n<\/div><div class=\"bt_bb_separator bt_bb_border_style_none bt_bb_top_spacing_extra_small bt_bb_bottom_spacing_small\" data-bt-override-class=\"null\"><\/div><div class=\"bt_bb_column_highlight\"><\/div><\/div><\/div><div  class=\"bt_bb_column col-xl-6 bt_bb_align_right bt_bb_vertical_align_top bt_bb_padding_normal\" style=\"background-color:rgb(0,0,0);\" data-width=\"6\" data-bt-override-class=\"{&quot;bt_bb_align_&quot;:{&quot;current_class&quot;:&quot;bt_bb_align_right&quot;,&quot;xxl&quot;:&quot;right&quot;,&quot;xl&quot;:&quot;right&quot;},&quot;bt_bb_padding_&quot;:{&quot;current_class&quot;:&quot;bt_bb_padding_normal&quot;,&quot;xxl&quot;:&quot;normal&quot;,&quot;xl&quot;:&quot;normal&quot;}}\"><div class=\"bt_bb_column_content\"><div class=\"bt_bb_separator bt_bb_border_style_none bt_bb_top_spacing_extra_small bt_bb_bottom_spacing_small\" data-bt-override-class=\"null\"><\/div><div class=\"bt_bb_image bt_bb_shape_square bt_bb_target_self bt_bb_align_inherit bt_bb_hover_style_simple bt_bb_content_display_always bt_bb_content_align_middle\" data-bt-override-class=\"{&quot;bt_bb_align_&quot;:{&quot;current_class&quot;:&quot;bt_bb_align_inherit&quot;,&quot;xxl&quot;:&quot;inherit&quot;,&quot;xl&quot;:&quot;inherit&quot;}}\"><span><img width=\"320\" height=\"23\" src=\"https:\/\/ctmediks.com\/wp-content\/uploads\/2023\/01\/logo_band_white@3x-1024x72-1-320x23.png\" class=\"attachment-boldthemes_small size-boldthemes_small\" alt=\"https:\/\/ctmediks.com\/wp-content\/uploads\/2023\/01\/logo_band_white@3x-1024x72-1-320x23.png\" loading=\"lazy\" data-full_image_src=\"https:\/\/ctmediks.com\/wp-content\/uploads\/2023\/01\/logo_band_white@3x-1024x72-1.png\" title=\"logo_band_white@3x-1024x72\" srcset=\"https:\/\/ctmediks.com\/wp-content\/uploads\/2023\/01\/logo_band_white@3x-1024x72-1-320x23.png 320w, https:\/\/ctmediks.com\/wp-content\/uploads\/2023\/01\/logo_band_white@3x-1024x72-1-640x45.png 640w, https:\/\/ctmediks.com\/wp-content\/uploads\/2023\/01\/logo_band_white@3x-1024x72-1-768x54.png 768w, https:\/\/ctmediks.com\/wp-content\/uploads\/2023\/01\/logo_band_white@3x-1024x72-1-600x42.png 600w, https:\/\/ctmediks.com\/wp-content\/uploads\/2023\/01\/logo_band_white@3x-1024x72-1.png 1024w\" sizes=\"(max-width: 320px) 100vw, 320px\" \/><\/span><\/div><div class=\"bt_bb_separator bt_bb_border_style_none bt_bb_top_spacing_extra_small bt_bb_bottom_spacing_small\" data-bt-override-class=\"null\"><\/div><div class=\"bt_bb_column_highlight\"><\/div><\/div><\/div><\/div><\/div><div class=\"bt_bb_row_wrapper\"><div  class=\"bt_bb_row bt_bb_hidden_md bt_bb_hidden_lg\"  data-bt-override-class=\"{}\"><div  class=\"bt_bb_column col-xl-12 bt_bb_align_center bt_bb_vertical_align_top bt_bb_padding_normal bt_bb_mobile_align_to_both_edges\" style=\"background-color:rgb(240,195,40);\" data-width=\"12\" data-bt-override-class=\"{&quot;bt_bb_align_&quot;:{&quot;current_class&quot;:&quot;bt_bb_align_center&quot;,&quot;xxl&quot;:&quot;center&quot;,&quot;xl&quot;:&quot;center&quot;},&quot;bt_bb_padding_&quot;:{&quot;current_class&quot;:&quot;bt_bb_padding_normal&quot;,&quot;xxl&quot;:&quot;normal&quot;,&quot;xl&quot;:&quot;normal&quot;}}\"><div class=\"bt_bb_column_content\"><div class=\"bt_bb_separator bt_bb_border_style_none bt_bb_top_spacing_extra_small bt_bb_bottom_spacing_small\" data-bt-override-class=\"null\"><\/div><div  class=\"bt_bb_text\" ><p>Copyright 2023 par CT Mediks. Tous droits r\u00e9serv\u00e9s.<\/p>\n<\/div><div class=\"bt_bb_separator bt_bb_border_style_none bt_bb_top_spacing_extra_small bt_bb_bottom_spacing_small\" data-bt-override-class=\"null\"><\/div><div class=\"bt_bb_column_highlight\"><\/div><\/div><\/div><\/div><\/div><div class=\"bt_bb_row_wrapper\"><div  class=\"bt_bb_row bt_bb_hidden_md bt_bb_hidden_lg\"  data-bt-override-class=\"{}\"><div  class=\"bt_bb_column col-xl-12 bt_bb_align_center bt_bb_vertical_align_top bt_bb_padding_normal bt_bb_mobile_align_to_both_edges\" style=\"background-color:rgb(0,0,0);\" data-width=\"12\" data-bt-override-class=\"{&quot;bt_bb_align_&quot;:{&quot;current_class&quot;:&quot;bt_bb_align_center&quot;,&quot;xxl&quot;:&quot;center&quot;,&quot;xl&quot;:&quot;center&quot;},&quot;bt_bb_padding_&quot;:{&quot;current_class&quot;:&quot;bt_bb_padding_normal&quot;,&quot;xxl&quot;:&quot;normal&quot;,&quot;xl&quot;:&quot;normal&quot;}}\"><div class=\"bt_bb_column_content\"><div class=\"bt_bb_separator bt_bb_border_style_none bt_bb_top_spacing_extra_small bt_bb_bottom_spacing_small\" data-bt-override-class=\"null\"><\/div><div class=\"bt_bb_image bt_bb_shape_square bt_bb_target_self bt_bb_align_left bt_bb_hover_style_simple bt_bb_content_display_always bt_bb_content_align_middle\" data-bt-override-class=\"{&quot;bt_bb_align_&quot;:{&quot;current_class&quot;:&quot;bt_bb_align_left&quot;,&quot;xxl&quot;:&quot;left&quot;,&quot;xl&quot;:&quot;left&quot;}}\"><span><img width=\"320\" height=\"23\" src=\"https:\/\/ctmediks.com\/wp-content\/uploads\/2023\/01\/logo_band_white@3x-1024x72-1-320x23.png\" class=\"attachment-boldthemes_small size-boldthemes_small\" alt=\"https:\/\/ctmediks.com\/wp-content\/uploads\/2023\/01\/logo_band_white@3x-1024x72-1-320x23.png\" loading=\"lazy\" data-full_image_src=\"https:\/\/ctmediks.com\/wp-content\/uploads\/2023\/01\/logo_band_white@3x-1024x72-1.png\" title=\"logo_band_white@3x-1024x72\" srcset=\"https:\/\/ctmediks.com\/wp-content\/uploads\/2023\/01\/logo_band_white@3x-1024x72-1-320x23.png 320w, https:\/\/ctmediks.com\/wp-content\/uploads\/2023\/01\/logo_band_white@3x-1024x72-1-640x45.png 640w, https:\/\/ctmediks.com\/wp-content\/uploads\/2023\/01\/logo_band_white@3x-1024x72-1-768x54.png 768w, https:\/\/ctmediks.com\/wp-content\/uploads\/2023\/01\/logo_band_white@3x-1024x72-1-600x42.png 600w, https:\/\/ctmediks.com\/wp-content\/uploads\/2023\/01\/logo_band_white@3x-1024x72-1.png 1024w\" sizes=\"(max-width: 320px) 100vw, 320px\" \/><\/span><\/div><div class=\"bt_bb_custom_menu btBottomFooterMenu bt_bb_direction_vertical bt_bb_hidden_xs bt_bb_hidden_ms bt_bb_hidden_sm bt_bb_hidden_md bt_bb_hidden_lg\"><div class=\"menu-footer-menu-french-container\"><ul id=\"menu-footer-menu-french-1\" class=\"menu\"><li class=\"menu-item menu-item-type-post_type menu-item-object-page menu-item-4268\"><a href=\"https:\/\/ctmediks.com\/fr\/bariatrique\/\">Bariatrique<\/a><\/li>\n<li class=\"menu-item menu-item-type-post_type menu-item-object-page menu-item-4269\"><a href=\"https:\/\/ctmediks.com\/fr\/transplantation-de-cheveux\/\">Transplantation de cheveux<\/a><\/li>\n<li class=\"menu-item menu-item-type-post_type menu-item-object-page menu-item-4270\"><a href=\"https:\/\/ctmediks.com\/fr\/chirurgie-dentaire\/\">Chirurgie dentaire<\/a><\/li>\n<li class=\"menu-item menu-item-type-post_type menu-item-object-page menu-item-4285\"><a href=\"https:\/\/ctmediks.com\/fr\/chirurgie-plastique\/\">Chirurgie plastique<\/a><\/li>\n<li class=\"menu-item menu-item-type-post_type menu-item-object-page menu-item-4286\"><a href=\"https:\/\/ctmediks.com\/fr\/processus\/\">Processus<\/a><\/li>\n<\/ul><\/div><\/div><div class=\"bt_bb_separator bt_bb_border_style_none bt_bb_top_spacing_extra_small bt_bb_bottom_spacing_small\" data-bt-override-class=\"null\"><\/div><div class=\"bt_bb_column_highlight\"><\/div><\/div><\/div><\/div><\/div><\/div><!-- cell_inner --><\/div><!-- cell --><\/div><!-- port --><\/section>","protected":false},"excerpt":{"rendered":"","protected":false},"author":1,"featured_media":0,"parent":0,"menu_order":0,"comment_status":"closed","ping_status":"closed","template":"","meta":[],"_links":{"self":[{"href":"https:\/\/ctmediks.com\/fr\/wp-json\/wp\/v2\/pages\/2737"}],"collection":[{"href":"https:\/\/ctmediks.com\/fr\/wp-json\/wp\/v2\/pages"}],"about":[{"href":"https:\/\/ctmediks.com\/fr\/wp-json\/wp\/v2\/types\/page"}],"author":[{"embeddable":true,"href":"https:\/\/ctmediks.com\/fr\/wp-json\/wp\/v2\/users\/1"}],"replies":[{"embeddable":true,"href":"https:\/\/ctmediks.com\/fr\/wp-json\/wp\/v2\/comments?post=2737"}],"version-history":[{"count":6,"href":"https:\/\/ctmediks.com\/fr\/wp-json\/wp\/v2\/pages\/2737\/revisions"}],"predecessor-version":[{"id":4434,"href":"https:\/\/ctmediks.com\/fr\/wp-json\/wp\/v2\/pages\/2737\/revisions\/4434"}],"wp:attachment":[{"href":"https:\/\/ctmediks.com\/fr\/wp-json\/wp\/v2\/media?parent=2737"}],"curies":[{"name":"wp","href":"https:\/\/api.w.org\/{rel}","templated":true}]}}