{"id":4834,"date":"2023-01-27T15:47:14","date_gmt":"2023-01-27T15:47:14","guid":{"rendered":"https:\/\/ctmediks.com\/product\/excursion-clasica-de-un-dia-a-efeso-desde-kusadasi\/"},"modified":"2023-01-27T18:34:22","modified_gmt":"2023-01-27T18:34:22","slug":"excursion-clasica-de-un-dia-completo-por-efeso-desde-kusadasi","status":"publish","type":"product","link":"https:\/\/ctmediks.com\/es\/producto\/excursion-clasica-de-un-dia-completo-por-efeso-desde-kusadasi\/","title":{"rendered":"Excursi\u00f3n cl\u00e1sica de un d\u00eda a \u00c9feso desde Kusadasi"},"content":{"rendered":"<section id=\"bt_bb_section69dc4cceae147\" class=\"bt_bb_section bt_bb_layout_boxed_1200\"  data-bt-override-class=\"null\"><div class=\"bt_bb_port\"><div class=\"bt_bb_cell\"><div class=\"bt_bb_cell_inner\"><div class=\"bt_bb_row_wrapper\"><div  class=\"bt_bb_row\"  data-bt-override-class=\"{}\"><div  class=\"bt_bb_column col-xl-12 col-xs-12 col-sm-12 col-md-12 col-lg-12 bt_bb_align_left bt_bb_vertical_align_top bt_bb_padding_normal\"  data-width=\"12\" data-bt-override-class=\"{}\"><div class=\"bt_bb_column_content\"><header class=\"bt_bb_headline bt_bb_subheadline_text_transform_default bt_bb_color_scheme_5 bt_bb_dash_none bt_bb_subheadline bt_bb_size_inherit bt_bb_align_inherit bt_bb_dash_type_none\" style=\"; --primary-color:#191919; --secondary-color:#f0c328;\" data-bt-override-class=\"{&quot;bt_bb_size_&quot;:{&quot;current_class&quot;:&quot;bt_bb_size_inherit&quot;,&quot;xxl&quot;:&quot;inherit&quot;,&quot;xl&quot;:&quot;inherit&quot;},&quot;bt_bb_align_&quot;:{&quot;current_class&quot;:&quot;bt_bb_align_inherit&quot;,&quot;xxl&quot;:&quot;inherit&quot;,&quot;xl&quot;:&quot;inherit&quot;}}\"><h2 class=\"bt_bb_headline_tag\"><span class=\"bt_bb_headline_content\"><span>Excursi\u00f3n cl\u00e1sica de un d\u00eda a \u00c9feso desde Kusadasi<\/span><\/span><\/h2><div class=\"bt_bb_headline_subheadline\">Por la ma\u00f1ana, nuestro gu\u00eda tur\u00edstico se reunir\u00e1 con usted en el puerto de Kusadasi o en el hotel. Y, vamos a \u00c9feso. \u00c9feso era la segunda ciudad m\u00e1s grande del Imperio Romano, con m\u00e1s de 250.000 habitantes en el siglo I a.C. S\u00f3lo por detr\u00e1s de Roma, era la segunda ciudad m\u00e1s grande del mundo. \u00c9feso era tambi\u00e9n una ciudad portuaria. Y, esta gigantesca ciudad fue construida s\u00f3lo con m\u00e1rmol. \u00bfSab\u00eda que \u00c9feso ten\u00eda el mayor anfiteatro del mundo antiguo, con m\u00e1s de 25.000 localidades? Vea tambi\u00e9n la diosa Nike, la farmacia local, la Puerta de Adriano, la Biblioteca de Celso (la tercera biblioteca m\u00e1s grande), la calle del M\u00e1rmol y la calle del Puerto.<br \/>\n<br \/>\nEl Templo de Artemisa o Artemisi\u00f3n, tambi\u00e9n conocido como Templo de Diana, era un templo griego dedicado a la diosa Artemisa. Se encontraba en \u00c9feso y era una de las siete maravillas del mundo.<br \/>\n<br \/>\nLa Casa de la Virgen Mar\u00eda, es un lugar donde seg\u00fan las creencias de muchas personas Mar\u00eda, la madre de Jes\u00fas, pas\u00f3 sus \u00faltimos a\u00f1os de vida. Se supone que lleg\u00f3 a \u00c9feso junto con San Juan y vivi\u00f3 all\u00ed en los a\u00f1os 37-45 d.C. hasta su Asunci\u00f3n o Dormici\u00f3n.<br \/>\n<br \/>\nLa mezquita de Isabey, construida entre 1374 y 1375, es una de las obras arquitect\u00f3nicas m\u00e1s antiguas e impresionantes de los beyliks de Anatolia. La mezquita est\u00e1 situada en las afueras de las colinas de Ayasuluk, en Selcuk - \u00c9feso.<br \/>\n<br \/>\nAl final de la excursi\u00f3n, se regresa al puerto de Kusadasi o al hotel.<\/div><\/header><div class=\"bt_bb_separator bt_bb_border_style_none bt_bb_top_spacing_normal bt_bb_bottom_spacing_none\" data-bt-override-class=\"{&quot;bt_bb_top_spacing_&quot;:{&quot;current_class&quot;:&quot;bt_bb_top_spacing_normal&quot;,&quot;xxl&quot;:&quot;normal&quot;,&quot;xl&quot;:&quot;normal&quot;},&quot;bt_bb_bottom_spacing_&quot;:{&quot;current_class&quot;:&quot;bt_bb_bottom_spacing_none&quot;,&quot;xxl&quot;:&quot;none&quot;,&quot;xl&quot;:&quot;none&quot;}}\"><\/div><div class=\"bt_bb_accordion bt_bb_style_outline bt_bb_shape_square\"><div class=\"bt_bb_accordion_item\"><div class=\"bt_bb_accordion_item_title\">INCLUIDO<\/div><div class=\"bt_bb_accordion_item_content\"><div  class=\"bt_bb_text\" >\n<ul class=\"m-l-22\">\n<li class=\"icontick\"><span id=\"ContentPlaceHolder1_DataList1_dlturincluded_0\">Entradas<\/span><\/li>\n<\/ul>\n<ul class=\"m-l-22\">\n<li class=\"icontick\"><span id=\"ContentPlaceHolder1_DataList1_dlturincluded_1\">Gu\u00eda profesional autorizado<\/span><\/li>\n<\/ul>\n<ul class=\"m-l-22\">\n<li class=\"icontick\"><span id=\"ContentPlaceHolder1_DataList1_dlturincluded_2\">Almuerzo (excursiones de d\u00eda completo)<\/span><\/li>\n<\/ul>\n<ul class=\"m-l-22\">\n<li class=\"icontick\"><span id=\"ContentPlaceHolder1_DataList1_dlturincluded_3\">Recogida y entrega<\/span><\/li>\n<\/ul>\n<ul class=\"m-l-22\">\n<li class=\"icontick\"><span id=\"ContentPlaceHolder1_DataList1_dlturincluded_4\">Todos los impuestos locales<\/span><\/li>\n<\/ul>\n<\/div>\n<\/div><\/div><div class=\"bt_bb_accordion_item\"><div class=\"bt_bb_accordion_item_title\">EXCLUIDO<\/div><div class=\"bt_bb_accordion_item_content\"><div  class=\"bt_bb_text\" >\n<ul class=\"m-l-22\">\n<li class=\"iconx\"><span id=\"ContentPlaceHolder1_DataList2_dlturexcluded_0\">Bebidas<\/span><\/li>\n<\/ul>\n<ul class=\"m-l-22\">\n<li class=\"iconx\"><span id=\"ContentPlaceHolder1_DataList2_dlturexcluded_1\">Gastos personales<\/span><\/li>\n<\/ul>\n<ul class=\"m-l-22\">\n<li class=\"iconx\"><span id=\"ContentPlaceHolder1_DataList2_dlturexcluded_2\">Consejos para conductores y gu\u00edas &#8211; Gratitud<\/span><\/li>\n<\/ul>\n<\/div>\n<\/div><\/div><\/div><div class=\"bt_bb_column_highlight\"><\/div><\/div><\/div><\/div><\/div><div class=\"bt_bb_row_wrapper\"><div  class=\"bt_bb_row\"  data-bt-override-class=\"{}\"><div  class=\"bt_bb_column col-xl-12 col-xs-12 col-sm-12 col-md-12 col-lg-12 bt_bb_align_left bt_bb_vertical_align_top bt_bb_padding_normal\"  data-width=\"12\" data-bt-override-class=\"{}\"><div class=\"bt_bb_column_content\"><div class=\"bt_bb_separator bt_bb_border_style_none bt_bb_top_spacing_normal bt_bb_bottom_spacing_none\" data-bt-override-class=\"{&quot;bt_bb_top_spacing_&quot;:{&quot;current_class&quot;:&quot;bt_bb_top_spacing_normal&quot;,&quot;xxl&quot;:&quot;normal&quot;,&quot;xl&quot;:&quot;normal&quot;},&quot;bt_bb_bottom_spacing_&quot;:{&quot;current_class&quot;:&quot;bt_bb_bottom_spacing_none&quot;,&quot;xxl&quot;:&quot;none&quot;,&quot;xl&quot;:&quot;none&quot;}}\"><\/div><div class=\"bt_bb_masonry_image_grid bt_bb_grid_container bt_bb_columns_4 bt_bb_gap_normal\" data-columns=\"4\"><div class=\"bt_bb_masonry_post_image_content\" data-columns=\"4\"><div class=\"bt_bb_grid_sizer\"><\/div><div class=\"bt_bb_grid_item bt_bb_tile_format11\" data-hw=\"0.6640625\" data-src=\"https:\/\/ctmediks.com\/wp-content\/uploads\/2023\/01\/isabeymosque-640x425.jpg\" data-src-full=\"https:\/\/ctmediks.com\/wp-content\/uploads\/2023\/01\/isabeymosque.jpg\" data-title=\"isabeymosque\"><div class=\"bt_bb_grid_item_inner\" data-hw=\"0.6640625\" ><div class=\"bt_bb_grid_item_inner_image\"><\/div><div class=\"bt_bb_grid_item_inner_content\"><\/div><\/div><\/div><div class=\"bt_bb_grid_item bt_bb_tile_format11\" data-hw=\"0.665625\" data-src=\"https:\/\/ctmediks.com\/wp-content\/uploads\/2023\/01\/houseofvirginmary-1-640x426.jpg\" data-src-full=\"https:\/\/ctmediks.com\/wp-content\/uploads\/2023\/01\/houseofvirginmary-1.jpg\" data-title=\"houseofvirginmary 1\"><div class=\"bt_bb_grid_item_inner\" data-hw=\"0.665625\" ><div class=\"bt_bb_grid_item_inner_image\"><\/div><div class=\"bt_bb_grid_item_inner_content\"><\/div><\/div><\/div><div class=\"bt_bb_grid_item bt_bb_tile_format11\" data-hw=\"0.665625\" data-src=\"https:\/\/ctmediks.com\/wp-content\/uploads\/2023\/01\/houseofvirginmary-640x426.jpg\" data-src-full=\"https:\/\/ctmediks.com\/wp-content\/uploads\/2023\/01\/houseofvirginmary.jpg\" data-title=\"houseofvirginmary\"><div class=\"bt_bb_grid_item_inner\" data-hw=\"0.665625\" ><div class=\"bt_bb_grid_item_inner_image\"><\/div><div class=\"bt_bb_grid_item_inner_content\"><\/div><\/div><\/div><div class=\"bt_bb_grid_item bt_bb_tile_format11\" data-hw=\"0.665625\" data-src=\"https:\/\/ctmediks.com\/wp-content\/uploads\/2023\/01\/templeofartemis-640x426.jpg\" data-src-full=\"https:\/\/ctmediks.com\/wp-content\/uploads\/2023\/01\/templeofartemis.jpg\" data-title=\"templeofartemis\"><div class=\"bt_bb_grid_item_inner\" data-hw=\"0.665625\" ><div class=\"bt_bb_grid_item_inner_image\"><\/div><div class=\"bt_bb_grid_item_inner_content\"><\/div><\/div><\/div><div class=\"bt_bb_grid_item bt_bb_tile_format11\" data-hw=\"0.6640625\" data-src=\"https:\/\/ctmediks.com\/wp-content\/uploads\/2023\/01\/marblestreet-640x425.jpg\" data-src-full=\"https:\/\/ctmediks.com\/wp-content\/uploads\/2023\/01\/marblestreet.jpg\" data-title=\"marblestreet\"><div class=\"bt_bb_grid_item_inner\" data-hw=\"0.6640625\" ><div class=\"bt_bb_grid_item_inner_image\"><\/div><div class=\"bt_bb_grid_item_inner_content\"><\/div><\/div><\/div><div class=\"bt_bb_grid_item bt_bb_tile_format11\" data-hw=\"0.665625\" data-src=\"https:\/\/ctmediks.com\/wp-content\/uploads\/2023\/01\/catsinephesus-640x426.jpg\" data-src-full=\"https:\/\/ctmediks.com\/wp-content\/uploads\/2023\/01\/catsinephesus.jpg\" data-title=\"catsinephesus\"><div class=\"bt_bb_grid_item_inner\" data-hw=\"0.665625\" ><div class=\"bt_bb_grid_item_inner_image\"><\/div><div class=\"bt_bb_grid_item_inner_content\"><\/div><\/div><\/div><div class=\"bt_bb_grid_item bt_bb_tile_format11\" data-hw=\"0.665625\" data-src=\"https:\/\/ctmediks.com\/wp-content\/uploads\/2023\/01\/1943_hadriangate-640x426.jpg\" data-src-full=\"https:\/\/ctmediks.com\/wp-content\/uploads\/2023\/01\/1943_hadriangate.jpg\" data-title=\"1943_hadriangate\"><div class=\"bt_bb_grid_item_inner\" data-hw=\"0.665625\" ><div class=\"bt_bb_grid_item_inner_image\"><\/div><div class=\"bt_bb_grid_item_inner_content\"><\/div><\/div><\/div><div class=\"bt_bb_grid_item bt_bb_tile_format11\" data-hw=\"0.75\" data-src=\"https:\/\/ctmediks.com\/wp-content\/uploads\/2023\/01\/ephesuscelsuslibrary-640x480.jpg\" data-src-full=\"https:\/\/ctmediks.com\/wp-content\/uploads\/2023\/01\/ephesuscelsuslibrary.jpg\" data-title=\"ephesuscelsuslibrary\"><div class=\"bt_bb_grid_item_inner\" data-hw=\"0.75\" ><div class=\"bt_bb_grid_item_inner_image\"><\/div><div class=\"bt_bb_grid_item_inner_content\"><\/div><\/div><\/div><\/div><\/div><div class=\"bt_bb_separator bt_bb_border_style_none bt_bb_top_spacing_normal bt_bb_bottom_spacing_none\" data-bt-override-class=\"{&quot;bt_bb_top_spacing_&quot;:{&quot;current_class&quot;:&quot;bt_bb_top_spacing_normal&quot;,&quot;xxl&quot;:&quot;normal&quot;,&quot;xl&quot;:&quot;normal&quot;},&quot;bt_bb_bottom_spacing_&quot;:{&quot;current_class&quot;:&quot;bt_bb_bottom_spacing_none&quot;,&quot;xxl&quot;:&quot;none&quot;,&quot;xl&quot;:&quot;none&quot;}}\"><\/div><div class=\"bt_bb_column_highlight\"><\/div><\/div><\/div><\/div><\/div><\/div><!-- cell_inner --><\/div><!-- cell --><\/div><!-- port --><\/section>","protected":false},"excerpt":{"rendered":"","protected":false},"featured_media":4898,"comment_status":"closed","ping_status":"closed","template":"","meta":[],"product_cat":[212],"product_tag":[],"_links":{"self":[{"href":"https:\/\/ctmediks.com\/es\/wp-json\/wp\/v2\/product\/4834"}],"collection":[{"href":"https:\/\/ctmediks.com\/es\/wp-json\/wp\/v2\/product"}],"about":[{"href":"https:\/\/ctmediks.com\/es\/wp-json\/wp\/v2\/types\/product"}],"replies":[{"embeddable":true,"href":"https:\/\/ctmediks.com\/es\/wp-json\/wp\/v2\/comments?post=4834"}],"wp:featuredmedia":[{"embeddable":true,"href":"https:\/\/ctmediks.com\/es\/wp-json\/wp\/v2\/media\/4898"}],"wp:attachment":[{"href":"https:\/\/ctmediks.com\/es\/wp-json\/wp\/v2\/media?parent=4834"}],"wp:term":[{"taxonomy":"product_cat","embeddable":true,"href":"https:\/\/ctmediks.com\/es\/wp-json\/wp\/v2\/product_cat?post=4834"},{"taxonomy":"product_tag","embeddable":true,"href":"https:\/\/ctmediks.com\/es\/wp-json\/wp\/v2\/product_tag?post=4834"}],"curies":[{"name":"wp","href":"https:\/\/api.w.org\/{rel}","templated":true}]}}